{"id":2,"date":"2016-12-23T11:49:41","date_gmt":"2016-12-23T10:49:41","guid":{"rendered":"http:\/\/localhost:8888\/?page_id=2"},"modified":"2017-05-16T10:09:56","modified_gmt":"2017-05-16T08:09:56","slug":"le-choix-du-videaste","status":"publish","type":"page","link":"https:\/\/www.gl-videaste.com\/blog\/le-choix-du-videaste\/","title":{"rendered":"Le choix du vid\u00e9aste"},"content":{"rendered":"<h3><strong>Bien choisir son vid\u00e9aste de mariage<\/strong><\/h3>\n<h4><strong><img loading=\"lazy\" decoding=\"async\" class=\"alignnone wp-image-699 size-full\" src=\"http:\/\/www.gl-videaste.com\/blog\/wp-content\/uploads\/2016\/12\/choix_videaste.jpg\" alt=\"\" width=\"1280\" height=\"854\" srcset=\"https:\/\/www.gl-videaste.com\/blog\/wp-content\/uploads\/2016\/12\/choix_videaste.jpg 1280w, https:\/\/www.gl-videaste.com\/blog\/wp-content\/uploads\/2016\/12\/choix_videaste-300x200.jpg 300w, https:\/\/www.gl-videaste.com\/blog\/wp-content\/uploads\/2016\/12\/choix_videaste-768x512.jpg 768w, https:\/\/www.gl-videaste.com\/blog\/wp-content\/uploads\/2016\/12\/choix_videaste-1024x683.jpg 1024w\" sizes=\"auto, (max-width: 1280px) 100vw, 1280px\" \/><\/strong><\/h4>\n<h4><strong>Pourquoi choisir un vid\u00e9aste pour votre mariage?<\/strong><\/h4>\n<p>Le choix des cadrages, des mouvements, des pauses, le travail de la lumi\u00e8re, tout \u00e0 un sens&#8230;. Anticiper l&rsquo;action, la ma\u00eetrise du mat\u00e9riel, \u00eatre au bon endroit au bon moment et le rep\u00e9rage des lieux sont tout autant de param\u00e8tres \u00e0 prendre en compte. De nos jours, un grand nombre de personnes pense que de faire appel \u00e0 un bon photographe de mariage sera largement suffisant pour couvrir tout un <a href=\"https:\/\/www.gl-videaste.com\/blog\/mariages\/\">mariage<\/a>. La photo et la vid\u00e9o sont deux domaines diff\u00e9rents qui se compl\u00e8tent. Elles sont compl\u00e9mentaires. La photo capture les instants alors que la vid\u00e9o restitue l&rsquo;ambiance de l&rsquo;\u00e9v\u00e8nement. Dans une photo, vous vous rem\u00e9morez les petits instants et les \u00e9motions. Dans la vid\u00e9o, vous revivrez votre union. N&rsquo;oubliez pas, il est reconnu que cette journ\u00e9e passe comme un \u00e9clair, alors ne faites pas l&rsquo;impasse sur vos meilleurs souvenirs. Une vid\u00e9o de mariage reste le meilleur moyen de partager avec ses amis et sa famille ce court \u00e9pisode de votre engagement pour la vie.<\/p>\n<div id=\"photo\">\n<p><img loading=\"lazy\" decoding=\"async\" class=\"alignnone wp-image-697 size-full\" src=\"http:\/\/www.gl-videaste.com\/blog\/wp-content\/uploads\/2016\/12\/choix_videaste_2.jpg\" alt=\"\" width=\"1280\" height=\"854\" srcset=\"https:\/\/www.gl-videaste.com\/blog\/wp-content\/uploads\/2016\/12\/choix_videaste_2.jpg 1280w, https:\/\/www.gl-videaste.com\/blog\/wp-content\/uploads\/2016\/12\/choix_videaste_2-300x200.jpg 300w, https:\/\/www.gl-videaste.com\/blog\/wp-content\/uploads\/2016\/12\/choix_videaste_2-768x512.jpg 768w, https:\/\/www.gl-videaste.com\/blog\/wp-content\/uploads\/2016\/12\/choix_videaste_2-1024x683.jpg 1024w\" sizes=\"auto, (max-width: 1280px) 100vw, 1280px\" \/><\/p>\n<\/div>\n<h4><strong>Comment choisir son vid\u00e9aste de mariage?<\/strong><\/h4>\n<p>Vous devez avant tout v\u00e9rifier si le style du vid\u00e9aste vous convient. Sa mani\u00e8re de cadrer, de magnifier la lumi\u00e8re, de monter la <a href=\"https:\/\/vimeo.com\/geoffroyletourneur\">vid\u00e9o<\/a> doit vous correspondre. Une rencontre pr\u00e9alable, afin de comprendre vos d\u00e9sirs et partager ses recommandations est donc indispensable. Pour ma part je rencontre toujours les mari\u00e9s quelques mois \u00e0 l\u2019avance pour m\u2019informer de leurs d\u00e9sirs et de leurs attentes. D\u2019autre part ce sera l\u2019occasion de vous mettre \u00e0 l\u2019aise et d\u2019\u00e9changer sur l\u2019histoire de votre rencontre. Un professionnel sera vous soumettre ses id\u00e9es ou encore vous donner de pr\u00e9cieux conseils avant le jour J. Si vous d\u00e9sirez un mariage intimiste, n\u2019h\u00e9sitez pas \u00e0 sp\u00e9cifier le nombre de vid\u00e9astes pr\u00e9sents, si vous privil\u00e9giez la discr\u00e9tion. En revanche, si votre union compte un nombre important d\u2019invit\u00e9s, il vaut mieux favoriser une prestation avec plusieurs vid\u00e9astes. Filmer un mariage n\u00e9cessite de v\u00e9ritables comp\u00e9tences techniques. Ces qualit\u00e9s ne s&rsquo;improvisent pas. Travailler en collaboration avec le photographe fait aussi partie de mon savoir faire. Lors du jour J les mari\u00e9s sont rarement seuls et l\u2019on doit savoir composer, coop\u00e9rer et s\u2019 adapter rapidement aux changements de situations.<\/p>\n<p><img loading=\"lazy\" decoding=\"async\" class=\"alignnone wp-image-698 size-full\" src=\"http:\/\/www.gl-videaste.com\/blog\/wp-content\/uploads\/2016\/12\/choix_videaste_3.jpg\" alt=\"\" width=\"1280\" height=\"854\" srcset=\"https:\/\/www.gl-videaste.com\/blog\/wp-content\/uploads\/2016\/12\/choix_videaste_3.jpg 1280w, https:\/\/www.gl-videaste.com\/blog\/wp-content\/uploads\/2016\/12\/choix_videaste_3-300x200.jpg 300w, https:\/\/www.gl-videaste.com\/blog\/wp-content\/uploads\/2016\/12\/choix_videaste_3-768x512.jpg 768w, https:\/\/www.gl-videaste.com\/blog\/wp-content\/uploads\/2016\/12\/choix_videaste_3-1024x683.jpg 1024w\" sizes=\"auto, (max-width: 1280px) 100vw, 1280px\" \/><\/p>\n","protected":false},"excerpt":{"rendered":"<p>Bien choisir son vid\u00e9aste de mariage Pourquoi choisir un vid\u00e9aste pour votre mariage? Le choix des cadrages, des mouvements, des pauses, le travail de la lumi\u00e8re, tout \u00e0 un sens&#8230;. Anticiper l&rsquo;action, la ma\u00eetrise du mat\u00e9riel, \u00eatre au bon endroit au bon moment et le rep\u00e9rage des lieux sont tout autant de param\u00e8tres \u00e0 prendre [&hellip;]<\/p>\n","protected":false},"author":1,"featured_media":0,"parent":0,"menu_order":0,"comment_status":"closed","ping_status":"open","template":"","meta":{"footnotes":""},"class_list":["post-2","page","type-page","status-publish","hentry"],"yoast_head":"<!-- This site is optimized with the Yoast SEO plugin v27.5 - https:\/\/yoast.com\/product\/yoast-seo-wordpress\/ -->\n<title>Le choix du vid\u00e9aste - www.gl-videaste.com\/blog<\/title>\n<meta name=\"description\" content=\"LE CHOIX DU VIDEASTE | VIDEASTE | MARIAGE | PHOTOS | VIDEOS | ART | PARIS | FRANCE | WEDDING | FILMAKER\u00a0| GL-VIDEASTE.COM | GEOFFROY LETOURNEUR\" \/>\n<meta name=\"robots\" content=\"index, follow, max-snippet:-1, max-image-preview:large, max-video-preview:-1\" \/>\n<link rel=\"canonical\" href=\"https:\/\/www.gl-videaste.com\/blog\/le-choix-du-videaste\/\" \/>\n<meta property=\"og:locale\" content=\"fr_FR\" \/>\n<meta property=\"og:type\" content=\"article\" \/>\n<meta property=\"og:title\" content=\"Le choix du vid\u00e9aste - www.gl-videaste.com\/blog\" \/>\n<meta property=\"og:description\" content=\"LE CHOIX DU VIDEASTE | VIDEASTE | MARIAGE | PHOTOS | VIDEOS | ART | PARIS | FRANCE | WEDDING | FILMAKER\u00a0| GL-VIDEASTE.COM | GEOFFROY LETOURNEUR\" \/>\n<meta property=\"og:url\" content=\"https:\/\/www.gl-videaste.com\/blog\/le-choix-du-videaste\/\" \/>\n<meta property=\"og:site_name\" content=\"www.gl-videaste.com\/blog\" \/>\n<meta property=\"article:publisher\" content=\"https:\/\/www.facebook.com\/glvideaste\/\" \/>\n<meta property=\"article:modified_time\" content=\"2017-05-16T08:09:56+00:00\" \/>\n<meta property=\"og:image\" content=\"http:\/\/www.gl-videaste.com\/blog\/wp-content\/uploads\/2016\/12\/choix_videaste.jpg\" \/>\n<meta name=\"twitter:card\" content=\"summary_large_image\" \/>\n<meta name=\"twitter:site\" content=\"@letourngeo\" \/>\n<meta name=\"twitter:label1\" content=\"Dur\u00e9e de lecture estim\u00e9e\" \/>\n\t<meta name=\"twitter:data1\" content=\"2 minutes\" \/>\n<script type=\"application\/ld+json\" class=\"yoast-schema-graph\">{\"@context\":\"https:\\\/\\\/schema.org\",\"@graph\":[{\"@type\":\"WebPage\",\"@id\":\"https:\\\/\\\/www.gl-videaste.com\\\/blog\\\/le-choix-du-videaste\\\/\",\"url\":\"https:\\\/\\\/www.gl-videaste.com\\\/blog\\\/le-choix-du-videaste\\\/\",\"name\":\"Le choix du vid\u00e9aste - www.gl-videaste.com\\\/blog\",\"isPartOf\":{\"@id\":\"https:\\\/\\\/www.gl-videaste.com\\\/blog\\\/#website\"},\"primaryImageOfPage\":{\"@id\":\"https:\\\/\\\/www.gl-videaste.com\\\/blog\\\/le-choix-du-videaste\\\/#primaryimage\"},\"image\":{\"@id\":\"https:\\\/\\\/www.gl-videaste.com\\\/blog\\\/le-choix-du-videaste\\\/#primaryimage\"},\"thumbnailUrl\":\"http:\\\/\\\/www.gl-videaste.com\\\/blog\\\/wp-content\\\/uploads\\\/2016\\\/12\\\/choix_videaste.jpg\",\"datePublished\":\"2016-12-23T10:49:41+00:00\",\"dateModified\":\"2017-05-16T08:09:56+00:00\",\"description\":\"LE CHOIX DU VIDEASTE | VIDEASTE | MARIAGE | PHOTOS | VIDEOS | ART | PARIS | FRANCE | WEDDING | FILMAKER\u00a0| GL-VIDEASTE.COM | GEOFFROY LETOURNEUR\",\"breadcrumb\":{\"@id\":\"https:\\\/\\\/www.gl-videaste.com\\\/blog\\\/le-choix-du-videaste\\\/#breadcrumb\"},\"inLanguage\":\"fr-FR\",\"potentialAction\":[{\"@type\":\"ReadAction\",\"target\":[\"https:\\\/\\\/www.gl-videaste.com\\\/blog\\\/le-choix-du-videaste\\\/\"]}]},{\"@type\":\"ImageObject\",\"inLanguage\":\"fr-FR\",\"@id\":\"https:\\\/\\\/www.gl-videaste.com\\\/blog\\\/le-choix-du-videaste\\\/#primaryimage\",\"url\":\"http:\\\/\\\/www.gl-videaste.com\\\/blog\\\/wp-content\\\/uploads\\\/2016\\\/12\\\/choix_videaste.jpg\",\"contentUrl\":\"http:\\\/\\\/www.gl-videaste.com\\\/blog\\\/wp-content\\\/uploads\\\/2016\\\/12\\\/choix_videaste.jpg\"},{\"@type\":\"BreadcrumbList\",\"@id\":\"https:\\\/\\\/www.gl-videaste.com\\\/blog\\\/le-choix-du-videaste\\\/#breadcrumb\",\"itemListElement\":[{\"@type\":\"ListItem\",\"position\":1,\"name\":\"Accueil\",\"item\":\"https:\\\/\\\/www.gl-videaste.com\\\/blog\\\/\"},{\"@type\":\"ListItem\",\"position\":2,\"name\":\"Le choix du vid\u00e9aste\"}]},{\"@type\":\"WebSite\",\"@id\":\"https:\\\/\\\/www.gl-videaste.com\\\/blog\\\/#website\",\"url\":\"https:\\\/\\\/www.gl-videaste.com\\\/blog\\\/\",\"name\":\"www.gl-videaste.com\\\/blog\",\"description\":\"Le mariage est le lien indissoluble d\u2019une amiti\u00e9 \u00e9ternelle...\",\"potentialAction\":[{\"@type\":\"SearchAction\",\"target\":{\"@type\":\"EntryPoint\",\"urlTemplate\":\"https:\\\/\\\/www.gl-videaste.com\\\/blog\\\/?s={search_term_string}\"},\"query-input\":{\"@type\":\"PropertyValueSpecification\",\"valueRequired\":true,\"valueName\":\"search_term_string\"}}],\"inLanguage\":\"fr-FR\"}]}<\/script>\n<!-- \/ Yoast SEO plugin. -->","yoast_head_json":{"title":"Le choix du vid\u00e9aste - www.gl-videaste.com\/blog","description":"LE CHOIX DU VIDEASTE | VIDEASTE | MARIAGE | PHOTOS | VIDEOS | ART | PARIS | FRANCE | WEDDING | FILMAKER\u00a0| GL-VIDEASTE.COM | GEOFFROY LETOURNEUR","robots":{"index":"index","follow":"follow","max-snippet":"max-snippet:-1","max-image-preview":"max-image-preview:large","max-video-preview":"max-video-preview:-1"},"canonical":"https:\/\/www.gl-videaste.com\/blog\/le-choix-du-videaste\/","og_locale":"fr_FR","og_type":"article","og_title":"Le choix du vid\u00e9aste - www.gl-videaste.com\/blog","og_description":"LE CHOIX DU VIDEASTE | VIDEASTE | MARIAGE | PHOTOS | VIDEOS | ART | PARIS | FRANCE | WEDDING | FILMAKER\u00a0| GL-VIDEASTE.COM | GEOFFROY LETOURNEUR","og_url":"https:\/\/www.gl-videaste.com\/blog\/le-choix-du-videaste\/","og_site_name":"www.gl-videaste.com\/blog","article_publisher":"https:\/\/www.facebook.com\/glvideaste\/","article_modified_time":"2017-05-16T08:09:56+00:00","og_image":[{"url":"http:\/\/www.gl-videaste.com\/blog\/wp-content\/uploads\/2016\/12\/choix_videaste.jpg","type":"","width":"","height":""}],"twitter_card":"summary_large_image","twitter_site":"@letourngeo","twitter_misc":{"Dur\u00e9e de lecture estim\u00e9e":"2 minutes"},"schema":{"@context":"https:\/\/schema.org","@graph":[{"@type":"WebPage","@id":"https:\/\/www.gl-videaste.com\/blog\/le-choix-du-videaste\/","url":"https:\/\/www.gl-videaste.com\/blog\/le-choix-du-videaste\/","name":"Le choix du vid\u00e9aste - www.gl-videaste.com\/blog","isPartOf":{"@id":"https:\/\/www.gl-videaste.com\/blog\/#website"},"primaryImageOfPage":{"@id":"https:\/\/www.gl-videaste.com\/blog\/le-choix-du-videaste\/#primaryimage"},"image":{"@id":"https:\/\/www.gl-videaste.com\/blog\/le-choix-du-videaste\/#primaryimage"},"thumbnailUrl":"http:\/\/www.gl-videaste.com\/blog\/wp-content\/uploads\/2016\/12\/choix_videaste.jpg","datePublished":"2016-12-23T10:49:41+00:00","dateModified":"2017-05-16T08:09:56+00:00","description":"LE CHOIX DU VIDEASTE | VIDEASTE | MARIAGE | PHOTOS | VIDEOS | ART | PARIS | FRANCE | WEDDING | FILMAKER\u00a0| GL-VIDEASTE.COM | GEOFFROY LETOURNEUR","breadcrumb":{"@id":"https:\/\/www.gl-videaste.com\/blog\/le-choix-du-videaste\/#breadcrumb"},"inLanguage":"fr-FR","potentialAction":[{"@type":"ReadAction","target":["https:\/\/www.gl-videaste.com\/blog\/le-choix-du-videaste\/"]}]},{"@type":"ImageObject","inLanguage":"fr-FR","@id":"https:\/\/www.gl-videaste.com\/blog\/le-choix-du-videaste\/#primaryimage","url":"http:\/\/www.gl-videaste.com\/blog\/wp-content\/uploads\/2016\/12\/choix_videaste.jpg","contentUrl":"http:\/\/www.gl-videaste.com\/blog\/wp-content\/uploads\/2016\/12\/choix_videaste.jpg"},{"@type":"BreadcrumbList","@id":"https:\/\/www.gl-videaste.com\/blog\/le-choix-du-videaste\/#breadcrumb","itemListElement":[{"@type":"ListItem","position":1,"name":"Accueil","item":"https:\/\/www.gl-videaste.com\/blog\/"},{"@type":"ListItem","position":2,"name":"Le choix du vid\u00e9aste"}]},{"@type":"WebSite","@id":"https:\/\/www.gl-videaste.com\/blog\/#website","url":"https:\/\/www.gl-videaste.com\/blog\/","name":"www.gl-videaste.com\/blog","description":"Le mariage est le lien indissoluble d\u2019une amiti\u00e9 \u00e9ternelle...","potentialAction":[{"@type":"SearchAction","target":{"@type":"EntryPoint","urlTemplate":"https:\/\/www.gl-videaste.com\/blog\/?s={search_term_string}"},"query-input":{"@type":"PropertyValueSpecification","valueRequired":true,"valueName":"search_term_string"}}],"inLanguage":"fr-FR"}]}},"_links":{"self":[{"href":"https:\/\/www.gl-videaste.com\/blog\/wp-json\/wp\/v2\/pages\/2","targetHints":{"allow":["GET"]}}],"collection":[{"href":"https:\/\/www.gl-videaste.com\/blog\/wp-json\/wp\/v2\/pages"}],"about":[{"href":"https:\/\/www.gl-videaste.com\/blog\/wp-json\/wp\/v2\/types\/page"}],"author":[{"embeddable":true,"href":"https:\/\/www.gl-videaste.com\/blog\/wp-json\/wp\/v2\/users\/1"}],"replies":[{"embeddable":true,"href":"https:\/\/www.gl-videaste.com\/blog\/wp-json\/wp\/v2\/comments?post=2"}],"version-history":[{"count":17,"href":"https:\/\/www.gl-videaste.com\/blog\/wp-json\/wp\/v2\/pages\/2\/revisions"}],"predecessor-version":[{"id":1289,"href":"https:\/\/www.gl-videaste.com\/blog\/wp-json\/wp\/v2\/pages\/2\/revisions\/1289"}],"wp:attachment":[{"href":"https:\/\/www.gl-videaste.com\/blog\/wp-json\/wp\/v2\/media?parent=2"}],"curies":[{"name":"wp","href":"https:\/\/api.w.org\/{rel}","templated":true}]}}