{"id":442,"date":"2016-12-23T15:52:38","date_gmt":"2016-12-23T14:52:38","guid":{"rendered":"http:\/\/localhost:8888\/?page_id=442"},"modified":"2017-05-16T10:13:29","modified_gmt":"2017-05-16T08:13:29","slug":"ma-prestation-de-service","status":"publish","type":"page","link":"https:\/\/www.gl-videaste.com\/blog\/ma-prestation-de-service\/","title":{"rendered":"Ma prestation de service"},"content":{"rendered":"<h3><strong>Du tournage au montage<\/strong><\/h3>\n<p>Mes films sont r\u00e9alis\u00e9s en HD ou full HD. Je reste pr\u00e9sent tout au long de votre mariage, des pr\u00e9paratifs jusqu&rsquo;aux premi\u00e8res danses. Le film de votre mariage dure environ 10 \u00e0 15 min. Le but \u00e9tant de rassembler les meilleurs moments de la journ\u00e9e, dans ce temps imparti. Avec l\u2019exp\u00e9rience, j\u2019ai pu m\u2019apercevoir qu\u2019une vid\u00e9o trop longue (au-del\u00e0 de 15 minutes) n\u2019est pas captivante et saisissante pour vous et votre entourage. Proposer une vid\u00e9o fusionnant les meilleurs moments du <a href=\"https:\/\/www.gl-videaste.com\/blog\/mariages\/\">mariage<\/a> sur fond musical est une solution, qui a port\u00e9 ses fruits avec succ\u00e8s!<\/p>\n<p><img loading=\"lazy\" decoding=\"async\" class=\"alignnone wp-image-705 size-full\" src=\"http:\/\/www.gl-videaste.com\/blog\/wp-content\/uploads\/2016\/12\/glPrestation1.jpg\" alt=\"\" width=\"1024\" height=\"681\" srcset=\"https:\/\/www.gl-videaste.com\/blog\/wp-content\/uploads\/2016\/12\/glPrestation1.jpg 1024w, https:\/\/www.gl-videaste.com\/blog\/wp-content\/uploads\/2016\/12\/glPrestation1-300x200.jpg 300w, https:\/\/www.gl-videaste.com\/blog\/wp-content\/uploads\/2016\/12\/glPrestation1-768x511.jpg 768w\" sizes=\"auto, (max-width: 1024px) 100vw, 1024px\" \/><\/p>\n<p>En r\u00e8gle g\u00e9n\u00e9rale, j\u2019essaie d\u2019intervenir seul sur un mariage, m\u00eame si il m\u2019arrive de travailler \u00e0 plusieurs. \u0152uvrer pour la discr\u00e9tion, pour capter les moments qui auront \u00e9chapp\u00e9s aux mari\u00e9s, est pour moi primordial. En effet, je pr\u00e9f\u00e8re m\u2019interposer indirectement avec les mari\u00e9s, afin de mettre l\u2019accent sur leurs c\u00f4t\u00e9s naturels. La partie montage est tout aussi importante. Les mari\u00e9s doivent s\u2019interroger sur la qualit\u00e9 finale et les supports souhait\u00e9s lors du montage de leur film. Je privil\u00e9gie lors du montage le m\u00e9lange de <a href=\"https:\/\/www.gl-videaste.com\/blog\/category\/videos\/\">vid\u00e9os<\/a> dynamiques, de <a href=\"https:\/\/www.gl-videaste.com\/blog\/category\/photos\/\">photographies<\/a> et de musique, plut\u00f4t qu&rsquo;un long plan-s\u00e9quence traditionnel. En outre, je laisse le choix des musiques aux futurs \u00e9poux, car il est n\u00e9cessaire que les mari\u00e9s s\u2019appliquent \u00e0 \u00e9laborer une liste de titres musicaux pr\u00e9f\u00e9r\u00e9s, qui serviront au montage. Vous souvenez-vous de la chanson jou\u00e9e lors de votre premi\u00e8re rencontre ? La premi\u00e8re fois qu&rsquo;il vous a embrass\u00e9? Quand il vous a fait sa demande? Je saurai \u00e9galement vous donner de pr\u00e9cieux conseils.<\/p>\n","protected":false},"excerpt":{"rendered":"<p>Du tournage au montage Mes films sont r\u00e9alis\u00e9s en HD ou full HD. Je reste pr\u00e9sent tout au long de votre mariage, des pr\u00e9paratifs jusqu&rsquo;aux premi\u00e8res danses. Le film de votre mariage dure environ 10 \u00e0 15 min. Le but \u00e9tant de rassembler les meilleurs moments de la journ\u00e9e, dans ce temps imparti. Avec l\u2019exp\u00e9rience, [&hellip;]<\/p>\n","protected":false},"author":1,"featured_media":0,"parent":0,"menu_order":0,"comment_status":"closed","ping_status":"closed","template":"","meta":{"footnotes":""},"class_list":["post-442","page","type-page","status-publish","hentry"],"yoast_head":"<!-- This site is optimized with the Yoast SEO plugin v27.5 - https:\/\/yoast.com\/product\/yoast-seo-wordpress\/ -->\n<title>Ma prestation de service - www.gl-videaste.com\/blog<\/title>\n<meta name=\"description\" content=\"MA PRESTATION DE SERVICE | GL-VIDEASTE | GEOFFROY LETOURNEUR | VIDEASTE MARIAGE | INTERNATIONAL | PARIS | FRANCE | WEDDING\" \/>\n<meta name=\"robots\" content=\"index, follow, max-snippet:-1, max-image-preview:large, max-video-preview:-1\" \/>\n<link rel=\"canonical\" href=\"https:\/\/www.gl-videaste.com\/blog\/ma-prestation-de-service\/\" \/>\n<meta property=\"og:locale\" content=\"fr_FR\" \/>\n<meta property=\"og:type\" content=\"article\" \/>\n<meta property=\"og:title\" content=\"Ma prestation de service - www.gl-videaste.com\/blog\" \/>\n<meta property=\"og:description\" content=\"MA PRESTATION DE SERVICE | GL-VIDEASTE | GEOFFROY LETOURNEUR | VIDEASTE MARIAGE | INTERNATIONAL | PARIS | FRANCE | WEDDING\" \/>\n<meta property=\"og:url\" content=\"https:\/\/www.gl-videaste.com\/blog\/ma-prestation-de-service\/\" \/>\n<meta property=\"og:site_name\" content=\"www.gl-videaste.com\/blog\" \/>\n<meta property=\"article:publisher\" content=\"https:\/\/www.facebook.com\/glvideaste\/\" \/>\n<meta property=\"article:modified_time\" content=\"2017-05-16T08:13:29+00:00\" \/>\n<meta property=\"og:image\" content=\"http:\/\/www.gl-videaste.com\/blog\/wp-content\/uploads\/2016\/12\/glPrestation1.jpg\" \/>\n<meta name=\"twitter:card\" content=\"summary_large_image\" \/>\n<meta name=\"twitter:site\" content=\"@letourngeo\" \/>\n<meta name=\"twitter:label1\" content=\"Dur\u00e9e de lecture estim\u00e9e\" \/>\n\t<meta name=\"twitter:data1\" content=\"2 minutes\" \/>\n<script type=\"application\/ld+json\" class=\"yoast-schema-graph\">{\"@context\":\"https:\\\/\\\/schema.org\",\"@graph\":[{\"@type\":\"WebPage\",\"@id\":\"https:\\\/\\\/www.gl-videaste.com\\\/blog\\\/ma-prestation-de-service\\\/\",\"url\":\"https:\\\/\\\/www.gl-videaste.com\\\/blog\\\/ma-prestation-de-service\\\/\",\"name\":\"Ma prestation de service - www.gl-videaste.com\\\/blog\",\"isPartOf\":{\"@id\":\"https:\\\/\\\/www.gl-videaste.com\\\/blog\\\/#website\"},\"primaryImageOfPage\":{\"@id\":\"https:\\\/\\\/www.gl-videaste.com\\\/blog\\\/ma-prestation-de-service\\\/#primaryimage\"},\"image\":{\"@id\":\"https:\\\/\\\/www.gl-videaste.com\\\/blog\\\/ma-prestation-de-service\\\/#primaryimage\"},\"thumbnailUrl\":\"http:\\\/\\\/www.gl-videaste.com\\\/blog\\\/wp-content\\\/uploads\\\/2016\\\/12\\\/glPrestation1.jpg\",\"datePublished\":\"2016-12-23T14:52:38+00:00\",\"dateModified\":\"2017-05-16T08:13:29+00:00\",\"description\":\"MA PRESTATION DE SERVICE | GL-VIDEASTE | GEOFFROY LETOURNEUR | VIDEASTE MARIAGE | INTERNATIONAL | PARIS | FRANCE | WEDDING\",\"breadcrumb\":{\"@id\":\"https:\\\/\\\/www.gl-videaste.com\\\/blog\\\/ma-prestation-de-service\\\/#breadcrumb\"},\"inLanguage\":\"fr-FR\",\"potentialAction\":[{\"@type\":\"ReadAction\",\"target\":[\"https:\\\/\\\/www.gl-videaste.com\\\/blog\\\/ma-prestation-de-service\\\/\"]}]},{\"@type\":\"ImageObject\",\"inLanguage\":\"fr-FR\",\"@id\":\"https:\\\/\\\/www.gl-videaste.com\\\/blog\\\/ma-prestation-de-service\\\/#primaryimage\",\"url\":\"http:\\\/\\\/www.gl-videaste.com\\\/blog\\\/wp-content\\\/uploads\\\/2016\\\/12\\\/glPrestation1.jpg\",\"contentUrl\":\"http:\\\/\\\/www.gl-videaste.com\\\/blog\\\/wp-content\\\/uploads\\\/2016\\\/12\\\/glPrestation1.jpg\"},{\"@type\":\"BreadcrumbList\",\"@id\":\"https:\\\/\\\/www.gl-videaste.com\\\/blog\\\/ma-prestation-de-service\\\/#breadcrumb\",\"itemListElement\":[{\"@type\":\"ListItem\",\"position\":1,\"name\":\"Accueil\",\"item\":\"https:\\\/\\\/www.gl-videaste.com\\\/blog\\\/\"},{\"@type\":\"ListItem\",\"position\":2,\"name\":\"Ma prestation de service\"}]},{\"@type\":\"WebSite\",\"@id\":\"https:\\\/\\\/www.gl-videaste.com\\\/blog\\\/#website\",\"url\":\"https:\\\/\\\/www.gl-videaste.com\\\/blog\\\/\",\"name\":\"www.gl-videaste.com\\\/blog\",\"description\":\"Le mariage est le lien indissoluble d\u2019une amiti\u00e9 \u00e9ternelle...\",\"potentialAction\":[{\"@type\":\"SearchAction\",\"target\":{\"@type\":\"EntryPoint\",\"urlTemplate\":\"https:\\\/\\\/www.gl-videaste.com\\\/blog\\\/?s={search_term_string}\"},\"query-input\":{\"@type\":\"PropertyValueSpecification\",\"valueRequired\":true,\"valueName\":\"search_term_string\"}}],\"inLanguage\":\"fr-FR\"}]}<\/script>\n<!-- \/ Yoast SEO plugin. -->","yoast_head_json":{"title":"Ma prestation de service - www.gl-videaste.com\/blog","description":"MA PRESTATION DE SERVICE | GL-VIDEASTE | GEOFFROY LETOURNEUR | VIDEASTE MARIAGE | INTERNATIONAL | PARIS | FRANCE | WEDDING","robots":{"index":"index","follow":"follow","max-snippet":"max-snippet:-1","max-image-preview":"max-image-preview:large","max-video-preview":"max-video-preview:-1"},"canonical":"https:\/\/www.gl-videaste.com\/blog\/ma-prestation-de-service\/","og_locale":"fr_FR","og_type":"article","og_title":"Ma prestation de service - www.gl-videaste.com\/blog","og_description":"MA PRESTATION DE SERVICE | GL-VIDEASTE | GEOFFROY LETOURNEUR | VIDEASTE MARIAGE | INTERNATIONAL | PARIS | FRANCE | WEDDING","og_url":"https:\/\/www.gl-videaste.com\/blog\/ma-prestation-de-service\/","og_site_name":"www.gl-videaste.com\/blog","article_publisher":"https:\/\/www.facebook.com\/glvideaste\/","article_modified_time":"2017-05-16T08:13:29+00:00","og_image":[{"url":"http:\/\/www.gl-videaste.com\/blog\/wp-content\/uploads\/2016\/12\/glPrestation1.jpg","type":"","width":"","height":""}],"twitter_card":"summary_large_image","twitter_site":"@letourngeo","twitter_misc":{"Dur\u00e9e de lecture estim\u00e9e":"2 minutes"},"schema":{"@context":"https:\/\/schema.org","@graph":[{"@type":"WebPage","@id":"https:\/\/www.gl-videaste.com\/blog\/ma-prestation-de-service\/","url":"https:\/\/www.gl-videaste.com\/blog\/ma-prestation-de-service\/","name":"Ma prestation de service - www.gl-videaste.com\/blog","isPartOf":{"@id":"https:\/\/www.gl-videaste.com\/blog\/#website"},"primaryImageOfPage":{"@id":"https:\/\/www.gl-videaste.com\/blog\/ma-prestation-de-service\/#primaryimage"},"image":{"@id":"https:\/\/www.gl-videaste.com\/blog\/ma-prestation-de-service\/#primaryimage"},"thumbnailUrl":"http:\/\/www.gl-videaste.com\/blog\/wp-content\/uploads\/2016\/12\/glPrestation1.jpg","datePublished":"2016-12-23T14:52:38+00:00","dateModified":"2017-05-16T08:13:29+00:00","description":"MA PRESTATION DE SERVICE | GL-VIDEASTE | GEOFFROY LETOURNEUR | VIDEASTE MARIAGE | INTERNATIONAL | PARIS | FRANCE | WEDDING","breadcrumb":{"@id":"https:\/\/www.gl-videaste.com\/blog\/ma-prestation-de-service\/#breadcrumb"},"inLanguage":"fr-FR","potentialAction":[{"@type":"ReadAction","target":["https:\/\/www.gl-videaste.com\/blog\/ma-prestation-de-service\/"]}]},{"@type":"ImageObject","inLanguage":"fr-FR","@id":"https:\/\/www.gl-videaste.com\/blog\/ma-prestation-de-service\/#primaryimage","url":"http:\/\/www.gl-videaste.com\/blog\/wp-content\/uploads\/2016\/12\/glPrestation1.jpg","contentUrl":"http:\/\/www.gl-videaste.com\/blog\/wp-content\/uploads\/2016\/12\/glPrestation1.jpg"},{"@type":"BreadcrumbList","@id":"https:\/\/www.gl-videaste.com\/blog\/ma-prestation-de-service\/#breadcrumb","itemListElement":[{"@type":"ListItem","position":1,"name":"Accueil","item":"https:\/\/www.gl-videaste.com\/blog\/"},{"@type":"ListItem","position":2,"name":"Ma prestation de service"}]},{"@type":"WebSite","@id":"https:\/\/www.gl-videaste.com\/blog\/#website","url":"https:\/\/www.gl-videaste.com\/blog\/","name":"www.gl-videaste.com\/blog","description":"Le mariage est le lien indissoluble d\u2019une amiti\u00e9 \u00e9ternelle...","potentialAction":[{"@type":"SearchAction","target":{"@type":"EntryPoint","urlTemplate":"https:\/\/www.gl-videaste.com\/blog\/?s={search_term_string}"},"query-input":{"@type":"PropertyValueSpecification","valueRequired":true,"valueName":"search_term_string"}}],"inLanguage":"fr-FR"}]}},"_links":{"self":[{"href":"https:\/\/www.gl-videaste.com\/blog\/wp-json\/wp\/v2\/pages\/442","targetHints":{"allow":["GET"]}}],"collection":[{"href":"https:\/\/www.gl-videaste.com\/blog\/wp-json\/wp\/v2\/pages"}],"about":[{"href":"https:\/\/www.gl-videaste.com\/blog\/wp-json\/wp\/v2\/types\/page"}],"author":[{"embeddable":true,"href":"https:\/\/www.gl-videaste.com\/blog\/wp-json\/wp\/v2\/users\/1"}],"replies":[{"embeddable":true,"href":"https:\/\/www.gl-videaste.com\/blog\/wp-json\/wp\/v2\/comments?post=442"}],"version-history":[{"count":10,"href":"https:\/\/www.gl-videaste.com\/blog\/wp-json\/wp\/v2\/pages\/442\/revisions"}],"predecessor-version":[{"id":1292,"href":"https:\/\/www.gl-videaste.com\/blog\/wp-json\/wp\/v2\/pages\/442\/revisions\/1292"}],"wp:attachment":[{"href":"https:\/\/www.gl-videaste.com\/blog\/wp-json\/wp\/v2\/media?parent=442"}],"curies":[{"name":"wp","href":"https:\/\/api.w.org\/{rel}","templated":true}]}}