{"id":450,"date":"2016-12-23T15:57:12","date_gmt":"2016-12-23T14:57:12","guid":{"rendered":"http:\/\/localhost:8888\/?page_id=450"},"modified":"2017-05-16T10:10:29","modified_gmt":"2017-05-16T08:10:29","slug":"le-package","status":"publish","type":"page","link":"https:\/\/www.gl-videaste.com\/blog\/le-package\/","title":{"rendered":"Le package"},"content":{"rendered":"<h3><strong>Proposition de package<\/strong><\/h3>\n<p>Dans les trois mois qui suivent le jour du mariage, je vous remettrai deux DVD (le prix du DVD inclus dans la prestation). Le premier contiendra le film HD visible sur lecteur DVD Blu-ray de salon. Le second une version visualisable sur <a href=\"https:\/\/vimeo.com\/geoffroyletourneur\">PC et smartphone<\/a>. Afin que vos invit\u00e9s puissent eux aussi se rem\u00e9morer cette journ\u00e9e inoubliable, je mettrai \u00e0 votre disposition sur <a href=\"https:\/\/www.gl-videaste.com\/blog\">mon site internet<\/a> un lien vid\u00e9o de votre mariage. Vous pourrez alors leur transmettre si vous le souhaitez le lien de votre vid\u00e9o.<\/p>\n<p>En outre, pour les invit\u00e9s qui souhaitent acheter un DVD, un package sera disponible pour la somme de 19.99\u20ac.<\/p>\n<p><img loading=\"lazy\" decoding=\"async\" class=\"alignnone wp-image-703 size-full\" src=\"http:\/\/www.gl-videaste.com\/blog\/wp-content\/uploads\/2016\/12\/DSC8655.jpg\" alt=\"\" width=\"4288\" height=\"2848\" srcset=\"https:\/\/www.gl-videaste.com\/blog\/wp-content\/uploads\/2016\/12\/DSC8655.jpg 4288w, https:\/\/www.gl-videaste.com\/blog\/wp-content\/uploads\/2016\/12\/DSC8655-300x199.jpg 300w, https:\/\/www.gl-videaste.com\/blog\/wp-content\/uploads\/2016\/12\/DSC8655-768x510.jpg 768w, https:\/\/www.gl-videaste.com\/blog\/wp-content\/uploads\/2016\/12\/DSC8655-1024x680.jpg 1024w\" sizes=\"auto, (max-width: 4288px) 100vw, 4288px\" \/><\/p>\n","protected":false},"excerpt":{"rendered":"<p>Proposition de package Dans les trois mois qui suivent le jour du mariage, je vous remettrai deux DVD (le prix du DVD inclus dans la prestation). Le premier contiendra le film HD visible sur lecteur DVD Blu-ray de salon. Le second une version visualisable sur PC et smartphone. Afin que vos invit\u00e9s puissent eux aussi [&hellip;]<\/p>\n","protected":false},"author":1,"featured_media":0,"parent":0,"menu_order":0,"comment_status":"closed","ping_status":"closed","template":"","meta":{"footnotes":""},"class_list":["post-450","page","type-page","status-publish","hentry"],"yoast_head":"<!-- This site is optimized with the Yoast SEO plugin v27.5 - https:\/\/yoast.com\/product\/yoast-seo-wordpress\/ -->\n<title>Le package - www.gl-videaste.com\/blog<\/title>\n<meta name=\"description\" content=\"LE PACKAGE | DVD | BD | CARTE DE REMERCIEMENT | FAIRE PART | FAIRE PART NAISSANCE | BAPTEME | MARIAGE | PACKAGE | MARIAGE FILM | GL-VIDEASTE.COM\" \/>\n<meta name=\"robots\" content=\"index, follow, max-snippet:-1, max-image-preview:large, max-video-preview:-1\" \/>\n<link rel=\"canonical\" href=\"https:\/\/www.gl-videaste.com\/blog\/le-package\/\" \/>\n<meta property=\"og:locale\" content=\"fr_FR\" \/>\n<meta property=\"og:type\" content=\"article\" \/>\n<meta property=\"og:title\" content=\"Le package - www.gl-videaste.com\/blog\" \/>\n<meta property=\"og:description\" content=\"LE PACKAGE | DVD | BD | CARTE DE REMERCIEMENT | FAIRE PART | FAIRE PART NAISSANCE | BAPTEME | MARIAGE | PACKAGE | MARIAGE FILM | GL-VIDEASTE.COM\" \/>\n<meta property=\"og:url\" content=\"https:\/\/www.gl-videaste.com\/blog\/le-package\/\" \/>\n<meta property=\"og:site_name\" content=\"www.gl-videaste.com\/blog\" \/>\n<meta property=\"article:publisher\" content=\"https:\/\/www.facebook.com\/glvideaste\/\" \/>\n<meta property=\"article:modified_time\" content=\"2017-05-16T08:10:29+00:00\" \/>\n<meta property=\"og:image\" content=\"http:\/\/www.gl-videaste.com\/blog\/wp-content\/uploads\/2016\/12\/DSC8655.jpg\" \/>\n<meta name=\"twitter:card\" content=\"summary_large_image\" \/>\n<meta name=\"twitter:site\" content=\"@letourngeo\" \/>\n<meta name=\"twitter:label1\" content=\"Dur\u00e9e de lecture estim\u00e9e\" \/>\n\t<meta name=\"twitter:data1\" content=\"1 minute\" \/>\n<script type=\"application\/ld+json\" class=\"yoast-schema-graph\">{\"@context\":\"https:\\\/\\\/schema.org\",\"@graph\":[{\"@type\":\"WebPage\",\"@id\":\"https:\\\/\\\/www.gl-videaste.com\\\/blog\\\/le-package\\\/\",\"url\":\"https:\\\/\\\/www.gl-videaste.com\\\/blog\\\/le-package\\\/\",\"name\":\"Le package - www.gl-videaste.com\\\/blog\",\"isPartOf\":{\"@id\":\"https:\\\/\\\/www.gl-videaste.com\\\/blog\\\/#website\"},\"primaryImageOfPage\":{\"@id\":\"https:\\\/\\\/www.gl-videaste.com\\\/blog\\\/le-package\\\/#primaryimage\"},\"image\":{\"@id\":\"https:\\\/\\\/www.gl-videaste.com\\\/blog\\\/le-package\\\/#primaryimage\"},\"thumbnailUrl\":\"http:\\\/\\\/www.gl-videaste.com\\\/blog\\\/wp-content\\\/uploads\\\/2016\\\/12\\\/DSC8655.jpg\",\"datePublished\":\"2016-12-23T14:57:12+00:00\",\"dateModified\":\"2017-05-16T08:10:29+00:00\",\"description\":\"LE PACKAGE | DVD | BD | CARTE DE REMERCIEMENT | FAIRE PART | FAIRE PART NAISSANCE | BAPTEME | MARIAGE | PACKAGE | MARIAGE FILM | GL-VIDEASTE.COM\",\"breadcrumb\":{\"@id\":\"https:\\\/\\\/www.gl-videaste.com\\\/blog\\\/le-package\\\/#breadcrumb\"},\"inLanguage\":\"fr-FR\",\"potentialAction\":[{\"@type\":\"ReadAction\",\"target\":[\"https:\\\/\\\/www.gl-videaste.com\\\/blog\\\/le-package\\\/\"]}]},{\"@type\":\"ImageObject\",\"inLanguage\":\"fr-FR\",\"@id\":\"https:\\\/\\\/www.gl-videaste.com\\\/blog\\\/le-package\\\/#primaryimage\",\"url\":\"http:\\\/\\\/www.gl-videaste.com\\\/blog\\\/wp-content\\\/uploads\\\/2016\\\/12\\\/DSC8655.jpg\",\"contentUrl\":\"http:\\\/\\\/www.gl-videaste.com\\\/blog\\\/wp-content\\\/uploads\\\/2016\\\/12\\\/DSC8655.jpg\"},{\"@type\":\"BreadcrumbList\",\"@id\":\"https:\\\/\\\/www.gl-videaste.com\\\/blog\\\/le-package\\\/#breadcrumb\",\"itemListElement\":[{\"@type\":\"ListItem\",\"position\":1,\"name\":\"Accueil\",\"item\":\"https:\\\/\\\/www.gl-videaste.com\\\/blog\\\/\"},{\"@type\":\"ListItem\",\"position\":2,\"name\":\"Le package\"}]},{\"@type\":\"WebSite\",\"@id\":\"https:\\\/\\\/www.gl-videaste.com\\\/blog\\\/#website\",\"url\":\"https:\\\/\\\/www.gl-videaste.com\\\/blog\\\/\",\"name\":\"www.gl-videaste.com\\\/blog\",\"description\":\"Le mariage est le lien indissoluble d\u2019une amiti\u00e9 \u00e9ternelle...\",\"potentialAction\":[{\"@type\":\"SearchAction\",\"target\":{\"@type\":\"EntryPoint\",\"urlTemplate\":\"https:\\\/\\\/www.gl-videaste.com\\\/blog\\\/?s={search_term_string}\"},\"query-input\":{\"@type\":\"PropertyValueSpecification\",\"valueRequired\":true,\"valueName\":\"search_term_string\"}}],\"inLanguage\":\"fr-FR\"}]}<\/script>\n<!-- \/ Yoast SEO plugin. -->","yoast_head_json":{"title":"Le package - www.gl-videaste.com\/blog","description":"LE PACKAGE | DVD | BD | CARTE DE REMERCIEMENT | FAIRE PART | FAIRE PART NAISSANCE | BAPTEME | MARIAGE | PACKAGE | MARIAGE FILM | GL-VIDEASTE.COM","robots":{"index":"index","follow":"follow","max-snippet":"max-snippet:-1","max-image-preview":"max-image-preview:large","max-video-preview":"max-video-preview:-1"},"canonical":"https:\/\/www.gl-videaste.com\/blog\/le-package\/","og_locale":"fr_FR","og_type":"article","og_title":"Le package - www.gl-videaste.com\/blog","og_description":"LE PACKAGE | DVD | BD | CARTE DE REMERCIEMENT | FAIRE PART | FAIRE PART NAISSANCE | BAPTEME | MARIAGE | PACKAGE | MARIAGE FILM | GL-VIDEASTE.COM","og_url":"https:\/\/www.gl-videaste.com\/blog\/le-package\/","og_site_name":"www.gl-videaste.com\/blog","article_publisher":"https:\/\/www.facebook.com\/glvideaste\/","article_modified_time":"2017-05-16T08:10:29+00:00","og_image":[{"url":"http:\/\/www.gl-videaste.com\/blog\/wp-content\/uploads\/2016\/12\/DSC8655.jpg","type":"","width":"","height":""}],"twitter_card":"summary_large_image","twitter_site":"@letourngeo","twitter_misc":{"Dur\u00e9e de lecture estim\u00e9e":"1 minute"},"schema":{"@context":"https:\/\/schema.org","@graph":[{"@type":"WebPage","@id":"https:\/\/www.gl-videaste.com\/blog\/le-package\/","url":"https:\/\/www.gl-videaste.com\/blog\/le-package\/","name":"Le package - www.gl-videaste.com\/blog","isPartOf":{"@id":"https:\/\/www.gl-videaste.com\/blog\/#website"},"primaryImageOfPage":{"@id":"https:\/\/www.gl-videaste.com\/blog\/le-package\/#primaryimage"},"image":{"@id":"https:\/\/www.gl-videaste.com\/blog\/le-package\/#primaryimage"},"thumbnailUrl":"http:\/\/www.gl-videaste.com\/blog\/wp-content\/uploads\/2016\/12\/DSC8655.jpg","datePublished":"2016-12-23T14:57:12+00:00","dateModified":"2017-05-16T08:10:29+00:00","description":"LE PACKAGE | DVD | BD | CARTE DE REMERCIEMENT | FAIRE PART | FAIRE PART NAISSANCE | BAPTEME | MARIAGE | PACKAGE | MARIAGE FILM | GL-VIDEASTE.COM","breadcrumb":{"@id":"https:\/\/www.gl-videaste.com\/blog\/le-package\/#breadcrumb"},"inLanguage":"fr-FR","potentialAction":[{"@type":"ReadAction","target":["https:\/\/www.gl-videaste.com\/blog\/le-package\/"]}]},{"@type":"ImageObject","inLanguage":"fr-FR","@id":"https:\/\/www.gl-videaste.com\/blog\/le-package\/#primaryimage","url":"http:\/\/www.gl-videaste.com\/blog\/wp-content\/uploads\/2016\/12\/DSC8655.jpg","contentUrl":"http:\/\/www.gl-videaste.com\/blog\/wp-content\/uploads\/2016\/12\/DSC8655.jpg"},{"@type":"BreadcrumbList","@id":"https:\/\/www.gl-videaste.com\/blog\/le-package\/#breadcrumb","itemListElement":[{"@type":"ListItem","position":1,"name":"Accueil","item":"https:\/\/www.gl-videaste.com\/blog\/"},{"@type":"ListItem","position":2,"name":"Le package"}]},{"@type":"WebSite","@id":"https:\/\/www.gl-videaste.com\/blog\/#website","url":"https:\/\/www.gl-videaste.com\/blog\/","name":"www.gl-videaste.com\/blog","description":"Le mariage est le lien indissoluble d\u2019une amiti\u00e9 \u00e9ternelle...","potentialAction":[{"@type":"SearchAction","target":{"@type":"EntryPoint","urlTemplate":"https:\/\/www.gl-videaste.com\/blog\/?s={search_term_string}"},"query-input":{"@type":"PropertyValueSpecification","valueRequired":true,"valueName":"search_term_string"}}],"inLanguage":"fr-FR"}]}},"_links":{"self":[{"href":"https:\/\/www.gl-videaste.com\/blog\/wp-json\/wp\/v2\/pages\/450","targetHints":{"allow":["GET"]}}],"collection":[{"href":"https:\/\/www.gl-videaste.com\/blog\/wp-json\/wp\/v2\/pages"}],"about":[{"href":"https:\/\/www.gl-videaste.com\/blog\/wp-json\/wp\/v2\/types\/page"}],"author":[{"embeddable":true,"href":"https:\/\/www.gl-videaste.com\/blog\/wp-json\/wp\/v2\/users\/1"}],"replies":[{"embeddable":true,"href":"https:\/\/www.gl-videaste.com\/blog\/wp-json\/wp\/v2\/comments?post=450"}],"version-history":[{"count":8,"href":"https:\/\/www.gl-videaste.com\/blog\/wp-json\/wp\/v2\/pages\/450\/revisions"}],"predecessor-version":[{"id":1290,"href":"https:\/\/www.gl-videaste.com\/blog\/wp-json\/wp\/v2\/pages\/450\/revisions\/1290"}],"wp:attachment":[{"href":"https:\/\/www.gl-videaste.com\/blog\/wp-json\/wp\/v2\/media?parent=450"}],"curies":[{"name":"wp","href":"https:\/\/api.w.org\/{rel}","templated":true}]}}