{"id":456,"date":"2016-12-23T15:59:18","date_gmt":"2016-12-23T14:59:18","guid":{"rendered":"http:\/\/localhost:8888\/?page_id=456"},"modified":"2017-05-16T10:12:26","modified_gmt":"2017-05-16T08:12:26","slug":"le-prix-du-videaste-de-mariage","status":"publish","type":"page","link":"https:\/\/www.gl-videaste.com\/blog\/le-prix-du-videaste-de-mariage\/","title":{"rendered":"Le prix du vid\u00e9aste de mariage"},"content":{"rendered":"<h3><strong>Se payer un service de qualit\u00e9<\/strong><\/h3>\n<p>C&rsquo;est un des points les plus importants pour les mari\u00e9s. Avant toute chose vous ne trouverez pas directement mes prix sur cette page. Car chaque mariage \u00e9tant unique il en va de m\u00eame pour la tarification de mes services.<\/p>\n<p>Vous pouvez cependant passer cette rubrique et vous rendre directement sur ma page <a href=\"https:\/\/www.gl-videaste.com\/ma-prestation-de-service\/\" target=\"_blank\" rel=\"noopener noreferrer\">\u201cMa prestation de service\u201d<\/a> pour vous faire un ordre d\u2019id\u00e9e de mes packages, options et tarifs de base.<\/p>\n<h4>Les prix des vid\u00e9astes de mariage:<\/h4>\n<p>De nos jours les tarifs des vid\u00e9astes de mariage varient entre 700-4000 euros, le budget moyen oscille autour de 2000 euros. Si la facture peut para\u00eetre sal\u00e9e \u00e0 certains futurs mari\u00e9s, le travail du vid\u00e9aste ne se limite pas \u00e0 sa pr\u00e9sence le jour du mariage. M\u00eame chose du c\u00f4t\u00e9 photographe de mariage, comptez entre 700 et 3000 euros. Ils ont un gros travail de s\u00e9lection puis de montage en postproduction.<\/p>\n<div id=\"photo\"><img loading=\"lazy\" decoding=\"async\" class=\"alignnone wp-image-709 size-full\" title=\"Prix-videaste-1\" src=\"http:\/\/www.gl-videaste.com\/blog\/wp-content\/uploads\/2016\/12\/prix.jpg\" alt=\"\" width=\"1280\" height=\"854\" srcset=\"https:\/\/www.gl-videaste.com\/blog\/wp-content\/uploads\/2016\/12\/prix.jpg 1280w, https:\/\/www.gl-videaste.com\/blog\/wp-content\/uploads\/2016\/12\/prix-300x200.jpg 300w, https:\/\/www.gl-videaste.com\/blog\/wp-content\/uploads\/2016\/12\/prix-768x512.jpg 768w, https:\/\/www.gl-videaste.com\/blog\/wp-content\/uploads\/2016\/12\/prix-1024x683.jpg 1024w\" sizes=\"auto, (max-width: 1280px) 100vw, 1280px\" \/><\/div>\n<p>70 % des mari\u00e9s ne font pas encore appel \u00e0 un photographe professionnel et plus de 75% \u00e0 un vid\u00e9aste! En outre, l&rsquo;importance du nombre des Pacs ainsi que l\u2019av\u00e8nement du mariage pour tous, offrent aux vid\u00e9astes l&rsquo;opportunit\u00e9 de couvrir plus d&rsquo;\u00e9v\u00e9nements. Mais le march\u00e9 de la vid\u00e9o de mariage est devenu tr\u00e8s concurrenc\u00e9 avec la prolif\u00e9ration d\u2019offres de reportages discount. Les mari\u00e9s doivent choisir entre des prestations de photographes \u00e0 bas prix et des prestations \u00e0 des prix plus professionnels avec des supports de grande qualit\u00e9 de fabrication et de design.<\/p>\n<p><img loading=\"lazy\" decoding=\"async\" class=\"alignnone wp-image-708 size-full\" title=\"Prix-videaste-2\" src=\"http:\/\/www.gl-videaste.com\/blog\/wp-content\/uploads\/2016\/12\/prix_2.jpg\" alt=\"\" width=\"1280\" height=\"852\" srcset=\"https:\/\/www.gl-videaste.com\/blog\/wp-content\/uploads\/2016\/12\/prix_2.jpg 1280w, https:\/\/www.gl-videaste.com\/blog\/wp-content\/uploads\/2016\/12\/prix_2-300x200.jpg 300w, https:\/\/www.gl-videaste.com\/blog\/wp-content\/uploads\/2016\/12\/prix_2-768x511.jpg 768w, https:\/\/www.gl-videaste.com\/blog\/wp-content\/uploads\/2016\/12\/prix_2-1024x682.jpg 1024w\" sizes=\"auto, (max-width: 1280px) 100vw, 1280px\" \/><\/p>\n<p>C&rsquo;est la 1 \u00e8re fois qu&rsquo;ils sont confront\u00e9s \u00e0 cette situation. Trop souvent ils ne voient pas les diff\u00e9rences entre les deux niveaux de prestations. En cons\u00e9quence des prix bas sont presque toujours synonymes d&rsquo;un travail de mauvaise qualit\u00e9.<\/p>\n","protected":false},"excerpt":{"rendered":"<p>Se payer un service de qualit\u00e9 C&rsquo;est un des points les plus importants pour les mari\u00e9s. Avant toute chose vous ne trouverez pas directement mes prix sur cette page. Car chaque mariage \u00e9tant unique il en va de m\u00eame pour la tarification de mes services. Vous pouvez cependant passer cette rubrique et vous rendre directement [&hellip;]<\/p>\n","protected":false},"author":1,"featured_media":0,"parent":0,"menu_order":0,"comment_status":"closed","ping_status":"closed","template":"","meta":{"footnotes":""},"class_list":["post-456","page","type-page","status-publish","hentry"],"yoast_head":"<!-- This site is optimized with the Yoast SEO plugin v27.5 - https:\/\/yoast.com\/product\/yoast-seo-wordpress\/ -->\n<title>Le prix du vid\u00e9aste de mariage - www.gl-videaste.com\/blog<\/title>\n<meta name=\"description\" content=\"Prix et tarifs pour un film de mariage r\u00e9alis\u00e9 par un professionnel de la vid\u00e9o en r\u00e9gion Parisienne. PRIX | TARIFS | VIDEASTE DE MARIAGE | FAIRE PART\" \/>\n<meta name=\"robots\" content=\"index, follow, max-snippet:-1, max-image-preview:large, max-video-preview:-1\" \/>\n<link rel=\"canonical\" href=\"https:\/\/www.gl-videaste.com\/blog\/le-prix-du-videaste-de-mariage\/\" \/>\n<meta property=\"og:locale\" content=\"fr_FR\" \/>\n<meta property=\"og:type\" content=\"article\" \/>\n<meta property=\"og:title\" content=\"Le prix du vid\u00e9aste de mariage - www.gl-videaste.com\/blog\" \/>\n<meta property=\"og:description\" content=\"Prix et tarifs pour un film de mariage r\u00e9alis\u00e9 par un professionnel de la vid\u00e9o en r\u00e9gion Parisienne. PRIX | TARIFS | VIDEASTE DE MARIAGE | FAIRE PART\" \/>\n<meta property=\"og:url\" content=\"https:\/\/www.gl-videaste.com\/blog\/le-prix-du-videaste-de-mariage\/\" \/>\n<meta property=\"og:site_name\" content=\"www.gl-videaste.com\/blog\" \/>\n<meta property=\"article:publisher\" content=\"https:\/\/www.facebook.com\/glvideaste\/\" \/>\n<meta property=\"article:modified_time\" content=\"2017-05-16T08:12:26+00:00\" \/>\n<meta property=\"og:image\" content=\"http:\/\/www.gl-videaste.com\/blog\/wp-content\/uploads\/2016\/12\/prix.jpg\" \/>\n<meta name=\"twitter:card\" content=\"summary_large_image\" \/>\n<meta name=\"twitter:site\" content=\"@letourngeo\" \/>\n<meta name=\"twitter:label1\" content=\"Dur\u00e9e de lecture estim\u00e9e\" \/>\n\t<meta name=\"twitter:data1\" content=\"1 minute\" \/>\n<script type=\"application\/ld+json\" class=\"yoast-schema-graph\">{\"@context\":\"https:\\\/\\\/schema.org\",\"@graph\":[{\"@type\":\"WebPage\",\"@id\":\"https:\\\/\\\/www.gl-videaste.com\\\/blog\\\/le-prix-du-videaste-de-mariage\\\/\",\"url\":\"https:\\\/\\\/www.gl-videaste.com\\\/blog\\\/le-prix-du-videaste-de-mariage\\\/\",\"name\":\"Le prix du vid\u00e9aste de mariage - www.gl-videaste.com\\\/blog\",\"isPartOf\":{\"@id\":\"https:\\\/\\\/www.gl-videaste.com\\\/blog\\\/#website\"},\"primaryImageOfPage\":{\"@id\":\"https:\\\/\\\/www.gl-videaste.com\\\/blog\\\/le-prix-du-videaste-de-mariage\\\/#primaryimage\"},\"image\":{\"@id\":\"https:\\\/\\\/www.gl-videaste.com\\\/blog\\\/le-prix-du-videaste-de-mariage\\\/#primaryimage\"},\"thumbnailUrl\":\"http:\\\/\\\/www.gl-videaste.com\\\/blog\\\/wp-content\\\/uploads\\\/2016\\\/12\\\/prix.jpg\",\"datePublished\":\"2016-12-23T14:59:18+00:00\",\"dateModified\":\"2017-05-16T08:12:26+00:00\",\"description\":\"Prix et tarifs pour un film de mariage r\u00e9alis\u00e9 par un professionnel de la vid\u00e9o en r\u00e9gion Parisienne. PRIX | TARIFS | VIDEASTE DE MARIAGE | FAIRE PART\",\"breadcrumb\":{\"@id\":\"https:\\\/\\\/www.gl-videaste.com\\\/blog\\\/le-prix-du-videaste-de-mariage\\\/#breadcrumb\"},\"inLanguage\":\"fr-FR\",\"potentialAction\":[{\"@type\":\"ReadAction\",\"target\":[\"https:\\\/\\\/www.gl-videaste.com\\\/blog\\\/le-prix-du-videaste-de-mariage\\\/\"]}]},{\"@type\":\"ImageObject\",\"inLanguage\":\"fr-FR\",\"@id\":\"https:\\\/\\\/www.gl-videaste.com\\\/blog\\\/le-prix-du-videaste-de-mariage\\\/#primaryimage\",\"url\":\"http:\\\/\\\/www.gl-videaste.com\\\/blog\\\/wp-content\\\/uploads\\\/2016\\\/12\\\/prix.jpg\",\"contentUrl\":\"http:\\\/\\\/www.gl-videaste.com\\\/blog\\\/wp-content\\\/uploads\\\/2016\\\/12\\\/prix.jpg\"},{\"@type\":\"BreadcrumbList\",\"@id\":\"https:\\\/\\\/www.gl-videaste.com\\\/blog\\\/le-prix-du-videaste-de-mariage\\\/#breadcrumb\",\"itemListElement\":[{\"@type\":\"ListItem\",\"position\":1,\"name\":\"Accueil\",\"item\":\"https:\\\/\\\/www.gl-videaste.com\\\/blog\\\/\"},{\"@type\":\"ListItem\",\"position\":2,\"name\":\"Le prix du vid\u00e9aste de mariage\"}]},{\"@type\":\"WebSite\",\"@id\":\"https:\\\/\\\/www.gl-videaste.com\\\/blog\\\/#website\",\"url\":\"https:\\\/\\\/www.gl-videaste.com\\\/blog\\\/\",\"name\":\"www.gl-videaste.com\\\/blog\",\"description\":\"Le mariage est le lien indissoluble d\u2019une amiti\u00e9 \u00e9ternelle...\",\"potentialAction\":[{\"@type\":\"SearchAction\",\"target\":{\"@type\":\"EntryPoint\",\"urlTemplate\":\"https:\\\/\\\/www.gl-videaste.com\\\/blog\\\/?s={search_term_string}\"},\"query-input\":{\"@type\":\"PropertyValueSpecification\",\"valueRequired\":true,\"valueName\":\"search_term_string\"}}],\"inLanguage\":\"fr-FR\"}]}<\/script>\n<!-- \/ Yoast SEO plugin. -->","yoast_head_json":{"title":"Le prix du vid\u00e9aste de mariage - www.gl-videaste.com\/blog","description":"Prix et tarifs pour un film de mariage r\u00e9alis\u00e9 par un professionnel de la vid\u00e9o en r\u00e9gion Parisienne. PRIX | TARIFS | VIDEASTE DE MARIAGE | FAIRE PART","robots":{"index":"index","follow":"follow","max-snippet":"max-snippet:-1","max-image-preview":"max-image-preview:large","max-video-preview":"max-video-preview:-1"},"canonical":"https:\/\/www.gl-videaste.com\/blog\/le-prix-du-videaste-de-mariage\/","og_locale":"fr_FR","og_type":"article","og_title":"Le prix du vid\u00e9aste de mariage - www.gl-videaste.com\/blog","og_description":"Prix et tarifs pour un film de mariage r\u00e9alis\u00e9 par un professionnel de la vid\u00e9o en r\u00e9gion Parisienne. PRIX | TARIFS | VIDEASTE DE MARIAGE | FAIRE PART","og_url":"https:\/\/www.gl-videaste.com\/blog\/le-prix-du-videaste-de-mariage\/","og_site_name":"www.gl-videaste.com\/blog","article_publisher":"https:\/\/www.facebook.com\/glvideaste\/","article_modified_time":"2017-05-16T08:12:26+00:00","og_image":[{"url":"http:\/\/www.gl-videaste.com\/blog\/wp-content\/uploads\/2016\/12\/prix.jpg","type":"","width":"","height":""}],"twitter_card":"summary_large_image","twitter_site":"@letourngeo","twitter_misc":{"Dur\u00e9e de lecture estim\u00e9e":"1 minute"},"schema":{"@context":"https:\/\/schema.org","@graph":[{"@type":"WebPage","@id":"https:\/\/www.gl-videaste.com\/blog\/le-prix-du-videaste-de-mariage\/","url":"https:\/\/www.gl-videaste.com\/blog\/le-prix-du-videaste-de-mariage\/","name":"Le prix du vid\u00e9aste de mariage - www.gl-videaste.com\/blog","isPartOf":{"@id":"https:\/\/www.gl-videaste.com\/blog\/#website"},"primaryImageOfPage":{"@id":"https:\/\/www.gl-videaste.com\/blog\/le-prix-du-videaste-de-mariage\/#primaryimage"},"image":{"@id":"https:\/\/www.gl-videaste.com\/blog\/le-prix-du-videaste-de-mariage\/#primaryimage"},"thumbnailUrl":"http:\/\/www.gl-videaste.com\/blog\/wp-content\/uploads\/2016\/12\/prix.jpg","datePublished":"2016-12-23T14:59:18+00:00","dateModified":"2017-05-16T08:12:26+00:00","description":"Prix et tarifs pour un film de mariage r\u00e9alis\u00e9 par un professionnel de la vid\u00e9o en r\u00e9gion Parisienne. PRIX | TARIFS | VIDEASTE DE MARIAGE | FAIRE PART","breadcrumb":{"@id":"https:\/\/www.gl-videaste.com\/blog\/le-prix-du-videaste-de-mariage\/#breadcrumb"},"inLanguage":"fr-FR","potentialAction":[{"@type":"ReadAction","target":["https:\/\/www.gl-videaste.com\/blog\/le-prix-du-videaste-de-mariage\/"]}]},{"@type":"ImageObject","inLanguage":"fr-FR","@id":"https:\/\/www.gl-videaste.com\/blog\/le-prix-du-videaste-de-mariage\/#primaryimage","url":"http:\/\/www.gl-videaste.com\/blog\/wp-content\/uploads\/2016\/12\/prix.jpg","contentUrl":"http:\/\/www.gl-videaste.com\/blog\/wp-content\/uploads\/2016\/12\/prix.jpg"},{"@type":"BreadcrumbList","@id":"https:\/\/www.gl-videaste.com\/blog\/le-prix-du-videaste-de-mariage\/#breadcrumb","itemListElement":[{"@type":"ListItem","position":1,"name":"Accueil","item":"https:\/\/www.gl-videaste.com\/blog\/"},{"@type":"ListItem","position":2,"name":"Le prix du vid\u00e9aste de mariage"}]},{"@type":"WebSite","@id":"https:\/\/www.gl-videaste.com\/blog\/#website","url":"https:\/\/www.gl-videaste.com\/blog\/","name":"www.gl-videaste.com\/blog","description":"Le mariage est le lien indissoluble d\u2019une amiti\u00e9 \u00e9ternelle...","potentialAction":[{"@type":"SearchAction","target":{"@type":"EntryPoint","urlTemplate":"https:\/\/www.gl-videaste.com\/blog\/?s={search_term_string}"},"query-input":{"@type":"PropertyValueSpecification","valueRequired":true,"valueName":"search_term_string"}}],"inLanguage":"fr-FR"}]}},"_links":{"self":[{"href":"https:\/\/www.gl-videaste.com\/blog\/wp-json\/wp\/v2\/pages\/456","targetHints":{"allow":["GET"]}}],"collection":[{"href":"https:\/\/www.gl-videaste.com\/blog\/wp-json\/wp\/v2\/pages"}],"about":[{"href":"https:\/\/www.gl-videaste.com\/blog\/wp-json\/wp\/v2\/types\/page"}],"author":[{"embeddable":true,"href":"https:\/\/www.gl-videaste.com\/blog\/wp-json\/wp\/v2\/users\/1"}],"replies":[{"embeddable":true,"href":"https:\/\/www.gl-videaste.com\/blog\/wp-json\/wp\/v2\/comments?post=456"}],"version-history":[{"count":18,"href":"https:\/\/www.gl-videaste.com\/blog\/wp-json\/wp\/v2\/pages\/456\/revisions"}],"predecessor-version":[{"id":1291,"href":"https:\/\/www.gl-videaste.com\/blog\/wp-json\/wp\/v2\/pages\/456\/revisions\/1291"}],"wp:attachment":[{"href":"https:\/\/www.gl-videaste.com\/blog\/wp-json\/wp\/v2\/media?parent=456"}],"curies":[{"name":"wp","href":"https:\/\/api.w.org\/{rel}","templated":true}]}}