{"id":462,"date":"2016-12-23T16:03:12","date_gmt":"2016-12-23T15:03:12","guid":{"rendered":"http:\/\/localhost:8888\/?page_id=462"},"modified":"2019-12-21T11:42:24","modified_gmt":"2019-12-21T10:42:24","slug":"questions-videaste-mariage","status":"publish","type":"page","link":"https:\/\/www.gl-videaste.com\/blog\/questions-videaste-mariage\/","title":{"rendered":"Des Questions?"},"content":{"rendered":"<h3><strong>Des Questions?<\/strong><\/h3>\n<h4><strong><i>Pourquoi choisir un vid\u00e9aste professionnel pour votre mariage?<\/i><\/strong><\/h4>\n<p>Un vid\u00e9aste professionnel de mariage saura vous guider et vous conseiller. Il a l&rsquo;habitude de se placer, d&rsquo;appr\u00e9cier la lumi\u00e8re et d&rsquo;anticiper pour ne pas se retrouver surpris. \u00catre vid\u00e9aste de mariage c\u2019est aussi conna\u00eetre les diff\u00e9rents rituels religieux (catholique, protestant, orthodoxe, juif, musulman, sikh, africain, bouddhiste\u2026), la\u00efques, les protocoles familiaux. Il faut \u00eatre partout, tout anticiper, tout voir, savoir g\u00e9rer tous les types de lumi\u00e8res et manager.<\/p>\n<h4><strong><i>Faut-il privil\u00e9gier le photographe plut\u00f4t que le vid\u00e9aste?<\/i><\/strong><\/h4>\n<p>Oui au photographe et non au vid\u00e9aste? La r\u00e9ponse est non! La photographie et la vid\u00e9o sont deux domaines diff\u00e9rents qui se compl\u00e8tent. Elles sont compl\u00e9mentaires. La photo capture les instants alors que la vid\u00e9o restitue l&rsquo;ambiance de l&rsquo;\u00e9v\u00e8nement. Dans une photo, vous vous rem\u00e9morez les petits instants et les \u00e9motions. Dans la vid\u00e9o, vous revivrez votre union. N\u2019oubliez pas que c\u2019est le seul souvenir que vous garderez avec les alliances et la photographie bien \u00e9videmment!<\/p>\n<h4><strong><i>Est-il n\u00e9cessaire de vous rencontrer?<\/i><\/strong><\/h4>\n<p>Ce n\u2019est pas indispensable, mais je le conseille vivement aux mari\u00e9s dans la mesure du possible. C\u2019est l\u2019occasion d\u2019\u00e9changer et d&rsquo;affiner vos d\u00e9sirs, mais aussi d\u2019\u00eatre certain que le vid\u00e9aste en face de vous correspond \u00e0 vos attentes.<\/p>\n<h4><strong><i>Combien de temps en avance dois-je r\u00e9server vos services ?<\/i><\/strong><\/h4>\n<p>Le plus t\u00f4t possible, surtout pendant la p\u00e9riode estivale, car celle-ci se remplit tr\u00e8s rapidement. En g\u00e9n\u00e9ral, les couples me r\u00e9servent une prestation 5 \u00e0 10 mois \u00e0 l\u2019avance. Vous pouvez \u00e9galement me contacter quelques jours avant votre mariage si jamais vous n\u2019avez pas trouv\u00e9 de vid\u00e9aste ou que celui-ci ne peut pas venir (Et oui \u00e7a arrive parfois!).<\/p>\n<h4><strong><i>Comment r\u00e9server vos services ?<\/i><\/strong><\/h4>\n<p>Apr\u00e8s \u00e9changes des informations n\u00e9cessaires, je vous ferai signer un contrat qui fera office de mon engagement aupr\u00e8s de vous. Un acompte de 30% vous sera alors demand\u00e9 pour la r\u00e9servation.<\/p>\n<h4><strong><i>Est-ce que vous vous d\u00e9placez dans toute la France ?<\/i><\/strong><\/h4>\n<p>Oui, mes prestations sont valables dans toute la France et \u00e0 l\u2019\u00e9tranger. Il est toujours int\u00e9ressant d\u2019aller \u00e0 la rencontre de nouveaux lieux de mariage. En effet ce sont toujours de nouvelles sources d\u2019inspiration et de cr\u00e9ation. Cependant, il faudra ajouter mes frais de d\u00e9placement et \u00e9ventuellement les frais de logement.<\/p>\n<h4><strong><i>Et si vous ne pouvez pas \u00eatre l\u00e0 le jour \u201cj\u201c ?<\/i><\/strong><\/h4>\n<p>Je ne me suis jamais retrouv\u00e9 dans cette situation. Par s\u00e9curit\u00e9, j\u2019ai pu construire un r\u00e9seau de vid\u00e9aste avec qui je partage les m\u00eames affinit\u00e9s et m\u00e9thodes de travail. Je mettrai tout en oeuvre pour vous trouvez un vid\u00e9aste.<\/p>\n<h4><strong><i>Combien de temps restez-vous avec nous ?<\/i><\/strong><\/h4>\n<p>Nous d\u00e9ciderons ensemble de mon heure d\u2019arriv\u00e9e. En r\u00e8gle g\u00e9n\u00e9ral je commence d\u00e8s les pr\u00e9paratifs (coiffure, maquillage) et je termine vers deux heures apr\u00e8s les premi\u00e8res danses. C\u2019est pour moi la meilleure mani\u00e8re de construire l\u2019histoire de votre mariage et de retranscrire la complicit\u00e9 entre vous et vos proches.<\/p>\n<h4><strong><i>Travaillez-vous seul ?<\/i><\/strong><\/h4>\n<p>Je filme la majorit\u00e9 de mes mariages seul, mais je travaille avec plusieurs cam\u00e9ras fixes. Je pr\u00e9f\u00e8re travailler en solo, mais je propose bien s\u00fbr une option pour un deuxi\u00e8me vid\u00e9aste si vous le d\u00e9sirez. En plus du photographe, du ou des wedding planners on peut se retrouver vite envahi par les personnes ext\u00e9rieures. J\u2019aime garder le c\u00f4t\u00e9 \u201cmariage intimiste\u201d et prioriser la discr\u00e9tion.<\/p>\n<h4><strong><i>Quand recevrez-vous votre Cl\u00e9 USB de mariage ?<\/i><\/strong><\/h4>\n<p>Il faut compter un d\u00e9lai moyen de un \u00e0 trois mois pour que je puisse vous livrer la totalit\u00e9 du film en haute d\u00e9finition.<\/p>\n<h4><strong><i>Est-ce je peux commander plusieurs cl\u00e9 USB pour ma famille ?<\/i><\/strong><\/h4>\n<p>Oui vous pouvez les commander \u00e0 tout moment. Il arrive souvent que la famille ou les invit\u00e9s d\u00e9sirent eux aussi revivre votre mariage. De plus je garde une copie de votre mariage sur mon ordinateur et un serveur donc en cas de perte vous avez toujours l\u2019assurance de garder ce souvenir \u00e0 jamais.<\/p>\n<h4><strong><i>Je ne suis pas photog\u00e9nique, que proposez-vous ?<\/i><\/strong><\/h4>\n<p>Les photos et les vid\u00e9os donnent rarement le m\u00eame r\u00e9sultat. Une photo sera le reflet d\u2019une expression que vous avez eu durant une fraction de seconde, elle peut correspondre ou pas. Mais ce n&rsquo;est jamais une v\u00e9rit\u00e9 constante elle \u00e9tait la v\u00e9rit\u00e9 au moment de la prise de vue. Un vid\u00e9aste recherchera une action ou un mouvement naturel de la part de ses mari\u00e9s on \u00e9vite donc le sourire fig\u00e9 ainsi que la sensation de poser. Mon c\u00f4t\u00e9 discret vous permet aussi d\u2019\u00eatre compl\u00e8tement \u00e0 l\u2019aise et spontan\u00e9.<\/p>\n<h4><strong><i>Mat\u00e9riels utilis\u00e9s?<\/i><\/strong><\/h4>\n<p>Il est particuli\u00e8rement \u00e9tonnant de voir que beaucoup de clients s\u2019y connaissent en mat\u00e9riel et en technique vid\u00e9o. Pour moi ce n\u2019est pas le mat\u00e9riel qui rendra votre vid\u00e9o de mariage sublime ou pas, mais plut\u00f4t l\u2019oeil artistique et cr\u00e9atif du vid\u00e9aste. Sachez toutefois que je travaille depuis quelques ann\u00e9es avec la marque \u201cNIKON\u201d avec laquelle je d\u00e9tiens le statut \u201cNIKON PRO\u201d. Pour information la totalit\u00e9 de mon mat\u00e9riel vid\u00e9o\/informatique repr\u00e9sente un certain investissement de plus il est renouvel\u00e9 r\u00e9guli\u00e8rement.<\/p>\n<h4><strong><i>Et si nos questions ne trouvent pas de r\u00e9ponses ici ?<\/i><\/strong><\/h4>\n<p>C\u2019est le moment de prendre contact avec moi! N\u2019h\u00e9sitez pas \u00e0 me soumettre vos questions j\u2019y r\u00e9pondrai avec plaisir.<\/p>\n","protected":false},"excerpt":{"rendered":"<p>Des Questions? Pourquoi choisir un vid\u00e9aste professionnel pour votre mariage? Un vid\u00e9aste professionnel de mariage saura vous guider et vous conseiller. Il a l&rsquo;habitude de se placer, d&rsquo;appr\u00e9cier la lumi\u00e8re et d&rsquo;anticiper pour ne pas se retrouver surpris. \u00catre vid\u00e9aste de mariage c\u2019est aussi conna\u00eetre les diff\u00e9rents rituels religieux (catholique, protestant, orthodoxe, juif, musulman, sikh, [&hellip;]<\/p>\n","protected":false},"author":1,"featured_media":0,"parent":0,"menu_order":0,"comment_status":"closed","ping_status":"closed","template":"","meta":{"footnotes":""},"class_list":["post-462","page","type-page","status-publish","hentry"],"yoast_head":"<!-- This site is optimized with the Yoast SEO plugin v27.5 - https:\/\/yoast.com\/product\/yoast-seo-wordpress\/ -->\n<title>Des Questions? - www.gl-videaste.com\/blog<\/title>\n<meta name=\"description\" content=\"QUESTIONS VIDEASTE MARIAGE | DES QUESTIONS? | GL-VIDEASTE.COM | PHOTOGRAPHE\/VIDEASTE | MARIAGE | GEOFFROY LETOURNEUR | PARIS | MATERIELS | NIKON\" \/>\n<meta name=\"robots\" content=\"index, follow, max-snippet:-1, max-image-preview:large, max-video-preview:-1\" \/>\n<link rel=\"canonical\" href=\"https:\/\/www.gl-videaste.com\/blog\/questions-videaste-mariage\/\" \/>\n<meta property=\"og:locale\" content=\"fr_FR\" \/>\n<meta property=\"og:type\" content=\"article\" \/>\n<meta property=\"og:title\" content=\"Des Questions? - www.gl-videaste.com\/blog\" \/>\n<meta property=\"og:description\" content=\"QUESTIONS VIDEASTE MARIAGE | DES QUESTIONS? | GL-VIDEASTE.COM | PHOTOGRAPHE\/VIDEASTE | MARIAGE | GEOFFROY LETOURNEUR | PARIS | MATERIELS | NIKON\" \/>\n<meta property=\"og:url\" content=\"https:\/\/www.gl-videaste.com\/blog\/questions-videaste-mariage\/\" \/>\n<meta property=\"og:site_name\" content=\"www.gl-videaste.com\/blog\" \/>\n<meta property=\"article:publisher\" content=\"https:\/\/www.facebook.com\/glvideaste\/\" \/>\n<meta property=\"article:modified_time\" content=\"2019-12-21T10:42:24+00:00\" \/>\n<meta name=\"twitter:card\" content=\"summary_large_image\" \/>\n<meta name=\"twitter:site\" content=\"@letourngeo\" \/>\n<meta name=\"twitter:label1\" content=\"Dur\u00e9e de lecture estim\u00e9e\" \/>\n\t<meta name=\"twitter:data1\" content=\"5 minutes\" \/>\n<script type=\"application\/ld+json\" class=\"yoast-schema-graph\">{\"@context\":\"https:\\\/\\\/schema.org\",\"@graph\":[{\"@type\":\"WebPage\",\"@id\":\"https:\\\/\\\/www.gl-videaste.com\\\/blog\\\/questions-videaste-mariage\\\/\",\"url\":\"https:\\\/\\\/www.gl-videaste.com\\\/blog\\\/questions-videaste-mariage\\\/\",\"name\":\"Des Questions? - www.gl-videaste.com\\\/blog\",\"isPartOf\":{\"@id\":\"https:\\\/\\\/www.gl-videaste.com\\\/blog\\\/#website\"},\"datePublished\":\"2016-12-23T15:03:12+00:00\",\"dateModified\":\"2019-12-21T10:42:24+00:00\",\"description\":\"QUESTIONS VIDEASTE MARIAGE | DES QUESTIONS? | GL-VIDEASTE.COM | PHOTOGRAPHE\\\/VIDEASTE | MARIAGE | GEOFFROY LETOURNEUR | PARIS | MATERIELS | NIKON\",\"breadcrumb\":{\"@id\":\"https:\\\/\\\/www.gl-videaste.com\\\/blog\\\/questions-videaste-mariage\\\/#breadcrumb\"},\"inLanguage\":\"fr-FR\",\"potentialAction\":[{\"@type\":\"ReadAction\",\"target\":[\"https:\\\/\\\/www.gl-videaste.com\\\/blog\\\/questions-videaste-mariage\\\/\"]}]},{\"@type\":\"BreadcrumbList\",\"@id\":\"https:\\\/\\\/www.gl-videaste.com\\\/blog\\\/questions-videaste-mariage\\\/#breadcrumb\",\"itemListElement\":[{\"@type\":\"ListItem\",\"position\":1,\"name\":\"Accueil\",\"item\":\"https:\\\/\\\/www.gl-videaste.com\\\/blog\\\/\"},{\"@type\":\"ListItem\",\"position\":2,\"name\":\"Des Questions?\"}]},{\"@type\":\"WebSite\",\"@id\":\"https:\\\/\\\/www.gl-videaste.com\\\/blog\\\/#website\",\"url\":\"https:\\\/\\\/www.gl-videaste.com\\\/blog\\\/\",\"name\":\"www.gl-videaste.com\\\/blog\",\"description\":\"Le mariage est le lien indissoluble d\u2019une amiti\u00e9 \u00e9ternelle...\",\"potentialAction\":[{\"@type\":\"SearchAction\",\"target\":{\"@type\":\"EntryPoint\",\"urlTemplate\":\"https:\\\/\\\/www.gl-videaste.com\\\/blog\\\/?s={search_term_string}\"},\"query-input\":{\"@type\":\"PropertyValueSpecification\",\"valueRequired\":true,\"valueName\":\"search_term_string\"}}],\"inLanguage\":\"fr-FR\"}]}<\/script>\n<!-- \/ Yoast SEO plugin. -->","yoast_head_json":{"title":"Des Questions? - www.gl-videaste.com\/blog","description":"QUESTIONS VIDEASTE MARIAGE | DES QUESTIONS? | GL-VIDEASTE.COM | PHOTOGRAPHE\/VIDEASTE | MARIAGE | GEOFFROY LETOURNEUR | PARIS | MATERIELS | NIKON","robots":{"index":"index","follow":"follow","max-snippet":"max-snippet:-1","max-image-preview":"max-image-preview:large","max-video-preview":"max-video-preview:-1"},"canonical":"https:\/\/www.gl-videaste.com\/blog\/questions-videaste-mariage\/","og_locale":"fr_FR","og_type":"article","og_title":"Des Questions? - www.gl-videaste.com\/blog","og_description":"QUESTIONS VIDEASTE MARIAGE | DES QUESTIONS? | GL-VIDEASTE.COM | PHOTOGRAPHE\/VIDEASTE | MARIAGE | GEOFFROY LETOURNEUR | PARIS | MATERIELS | NIKON","og_url":"https:\/\/www.gl-videaste.com\/blog\/questions-videaste-mariage\/","og_site_name":"www.gl-videaste.com\/blog","article_publisher":"https:\/\/www.facebook.com\/glvideaste\/","article_modified_time":"2019-12-21T10:42:24+00:00","twitter_card":"summary_large_image","twitter_site":"@letourngeo","twitter_misc":{"Dur\u00e9e de lecture estim\u00e9e":"5 minutes"},"schema":{"@context":"https:\/\/schema.org","@graph":[{"@type":"WebPage","@id":"https:\/\/www.gl-videaste.com\/blog\/questions-videaste-mariage\/","url":"https:\/\/www.gl-videaste.com\/blog\/questions-videaste-mariage\/","name":"Des Questions? - www.gl-videaste.com\/blog","isPartOf":{"@id":"https:\/\/www.gl-videaste.com\/blog\/#website"},"datePublished":"2016-12-23T15:03:12+00:00","dateModified":"2019-12-21T10:42:24+00:00","description":"QUESTIONS VIDEASTE MARIAGE | DES QUESTIONS? | GL-VIDEASTE.COM | PHOTOGRAPHE\/VIDEASTE | MARIAGE | GEOFFROY LETOURNEUR | PARIS | MATERIELS | NIKON","breadcrumb":{"@id":"https:\/\/www.gl-videaste.com\/blog\/questions-videaste-mariage\/#breadcrumb"},"inLanguage":"fr-FR","potentialAction":[{"@type":"ReadAction","target":["https:\/\/www.gl-videaste.com\/blog\/questions-videaste-mariage\/"]}]},{"@type":"BreadcrumbList","@id":"https:\/\/www.gl-videaste.com\/blog\/questions-videaste-mariage\/#breadcrumb","itemListElement":[{"@type":"ListItem","position":1,"name":"Accueil","item":"https:\/\/www.gl-videaste.com\/blog\/"},{"@type":"ListItem","position":2,"name":"Des Questions?"}]},{"@type":"WebSite","@id":"https:\/\/www.gl-videaste.com\/blog\/#website","url":"https:\/\/www.gl-videaste.com\/blog\/","name":"www.gl-videaste.com\/blog","description":"Le mariage est le lien indissoluble d\u2019une amiti\u00e9 \u00e9ternelle...","potentialAction":[{"@type":"SearchAction","target":{"@type":"EntryPoint","urlTemplate":"https:\/\/www.gl-videaste.com\/blog\/?s={search_term_string}"},"query-input":{"@type":"PropertyValueSpecification","valueRequired":true,"valueName":"search_term_string"}}],"inLanguage":"fr-FR"}]}},"_links":{"self":[{"href":"https:\/\/www.gl-videaste.com\/blog\/wp-json\/wp\/v2\/pages\/462","targetHints":{"allow":["GET"]}}],"collection":[{"href":"https:\/\/www.gl-videaste.com\/blog\/wp-json\/wp\/v2\/pages"}],"about":[{"href":"https:\/\/www.gl-videaste.com\/blog\/wp-json\/wp\/v2\/types\/page"}],"author":[{"embeddable":true,"href":"https:\/\/www.gl-videaste.com\/blog\/wp-json\/wp\/v2\/users\/1"}],"replies":[{"embeddable":true,"href":"https:\/\/www.gl-videaste.com\/blog\/wp-json\/wp\/v2\/comments?post=462"}],"version-history":[{"count":13,"href":"https:\/\/www.gl-videaste.com\/blog\/wp-json\/wp\/v2\/pages\/462\/revisions"}],"predecessor-version":[{"id":1637,"href":"https:\/\/www.gl-videaste.com\/blog\/wp-json\/wp\/v2\/pages\/462\/revisions\/1637"}],"wp:attachment":[{"href":"https:\/\/www.gl-videaste.com\/blog\/wp-json\/wp\/v2\/media?parent=462"}],"curies":[{"name":"wp","href":"https:\/\/api.w.org\/{rel}","templated":true}]}}