{"id":475,"date":"2016-12-23T16:09:22","date_gmt":"2016-12-23T15:09:22","guid":{"rendered":"http:\/\/localhost:8888\/?page_id=475"},"modified":"2019-12-21T12:39:21","modified_gmt":"2019-12-21T11:39:21","slug":"partenaires","status":"publish","type":"page","link":"https:\/\/www.gl-videaste.com\/blog\/partenaires\/","title":{"rendered":"Partenaires"},"content":{"rendered":"<div class=\"image-partenaire\">\n<h4><img loading=\"lazy\" decoding=\"async\" class=\"alignleft wp-image-593 size-medium\" src=\"http:\/\/www.gl-videaste.com\/blog\/wp-content\/uploads\/2016\/12\/logonikonprofdnoir-300x74.jpg\" alt=\"\" width=\"300\" height=\"74\" srcset=\"https:\/\/www.gl-videaste.com\/blog\/wp-content\/uploads\/2016\/12\/logonikonprofdnoir-300x74.jpg 300w, https:\/\/www.gl-videaste.com\/blog\/wp-content\/uploads\/2016\/12\/logonikonprofdnoir-768x188.jpg 768w, https:\/\/www.gl-videaste.com\/blog\/wp-content\/uploads\/2016\/12\/logonikonprofdnoir.jpg 1024w\" sizes=\"auto, (max-width: 300px) 100vw, 300px\" \/>\u00a0<strong>NIKON PRO<\/strong><\/h4>\n<\/div>\n<p><em>\u00ab\u00a0NPS: Un service d&rsquo;\u00e9lite pour les pros\u00a0\u00bb<\/em><\/p>\n<div class=\"image-partenaire\">\u00a0<\/div>\n<article class=\"image-partenaire\">Pour moi ce n\u2019est pas le mat\u00e9riel qui rendra votre vid\u00e9o de mariage sublime ou pas, mais plut\u00f4t l\u2019oeil artistique et cr\u00e9atif du vid\u00e9aste. Sachez toutefois que je travaille depuis quelques ann\u00e9es avec la marque \u201cNIKON\u201d avec laquelle je d\u00e9tiens le statut \u201cNIKON PRO\u201d. Le Nikon Professional Services propose une assistance de haut niveau aux professionnels \u00e9quip\u00e9s en mat\u00e9riel Nikon. Quelle que soit leur sp\u00e9cialit\u00e9 photographique, vid\u00e9o ou cin\u00e9matographique. L\u2019\u00e9quipe NPS est pr\u00e9sente aupr\u00e8s des photographes pros sur le terrain au quotidien, ainsi que lors de grands \u00e9v\u00e9nements pour leur fournir des conseils, de l\u2019assistance et des d\u00e9monstrations des mat\u00e9riels pros les plus r\u00e9cents. Le programme Nikon Pro inclut des b\u00e9n\u00e9fices sp\u00e9cifiques pour les Professionnels.\u00a0<a href=\"http:\/\/httpS:\/\/www.nikonpro.fr\">www.nikonpro.fr<\/a><\/article>\n<h4 class=\"image-partenaire\"><img loading=\"lazy\" decoding=\"async\" class=\"wp-image-795 size-medium alignleft\" src=\"http:\/\/www.gl-videaste.com\/blog\/wp-content\/uploads\/2016\/12\/logo-graphistudio-300x65.jpg\" alt=\"\" width=\"300\" height=\"65\" srcset=\"https:\/\/www.gl-videaste.com\/blog\/wp-content\/uploads\/2016\/12\/logo-graphistudio-300x65.jpg 300w, https:\/\/www.gl-videaste.com\/blog\/wp-content\/uploads\/2016\/12\/logo-graphistudio.jpg 700w\" sizes=\"auto, (max-width: 300px) 100vw, 300px\" \/>\u00a0<strong>GRAPHISTUDIO<\/strong><\/h4>\n<div class=\"image-partenaire\">\n<p><em>\u00ab\u00a0Le Made in Italie\u00a0\u00bb<\/em><\/p>\n<article class=\"made_italy\">Ceux qui aiment le Made in Italie et qui sont \u00e0 la recherche de style, d\u2019\u00e9l\u00e9gance et ont forc\u00e9ment le sens du d\u00e9tail. Telle est la conception d\u2019un excellent produit de qualit\u00e9 pour Graphistudio. Les livres Graphistudio sont connus internationalement comme de v\u00e9ritables exemples de ce que le \u00ab made in Italie \u00bb produit de mieux. Un choix m\u00e9ticuleux des mati\u00e8res, recherches, exp\u00e9rimentations : le soin apport\u00e9 aux d\u00e9tails est capital chez Graphistudio.La qualit\u00e9 d\u2019impression est garantie par de rigoureuses proc\u00e9dures et gr\u00e2ce aux grandes comp\u00e9tences de nos sp\u00e9cialistes. Ces experts de l\u2019imprimerie calibrent et recalibrent plusieurs fois par jour les imprimantes, corrigeant ainsi la moindre coulure et assurant aux photographes une constante dans la perception de leurs couleurs.\u00a0<a href=\"https:\/\/www.graphistudio.com\/fr_FR\/home\">www.graphistudio.com\/fr_FR\/home<\/a><\/article>\n<article class=\"made_italy\"><\/article>\n<article class=\"made_italy\"><\/article>\n<article class=\"made_italy\"><\/article>\n<\/div>\n<h4 class=\"image-partenaire\"><strong><img loading=\"lazy\" decoding=\"async\" class=\"wp-image-691 alignleft\" src=\"http:\/\/www.gl-videaste.com\/blog\/wp-content\/uploads\/2016\/12\/slProfil-261x300.jpg\" alt=\"\" width=\"200\" height=\"230\" srcset=\"https:\/\/www.gl-videaste.com\/blog\/wp-content\/uploads\/2016\/12\/slProfil-261x300.jpg 261w, https:\/\/www.gl-videaste.com\/blog\/wp-content\/uploads\/2016\/12\/slProfil.jpg 285w\" sizes=\"auto, (max-width: 200px) 100vw, 200px\" \/>S\u00e9bastien LETOURNEUR<\/strong><\/h4>\n<p><em>\u00ab\u00a0Photographe Pro de Mariage\u00a0\u00bb<\/em><\/p>\n<article class=\"image-partenaire\">Pas besoin de chef d&rsquo;orchestre. La pr\u00e9sence du photographe et du vid\u00e9aste n\u00e9cessite une entente et une coordination parfaite entre les deux corps de m\u00e9tier pour \u00e9viter toute g\u00eane mutuelle. C&rsquo;est pourquoi je vous recommande S\u00e9bastien Letouneur avec qui j&rsquo;ai l&rsquo;habitude de travailler. En effet, je suis plut\u00f4t favorable pour ce duo, cela fait maintenant plusieurs ann\u00e9es que nous couvrons divers \u00e9v\u00e9nements. J&rsquo;appr\u00e9cie grandement le regard et les talents artistiques de S\u00e9bastien. Nous savons l&rsquo;un et l&rsquo;autre comment faire bouger\u00a0les mari\u00e9s pour capturer en eux le meilleur de leurs attitudes. Si cette prestation vous int\u00e9resse, voici un aper\u00e7u de son travail.\u00a0<u><a href=\"http:\/\/www.sl-photographe.com\/\" target=\"_blank\" rel=\"noopener noreferrer\">www.sl-photographe.com<\/a><\/u><\/article>\n<article><\/article>\n<article><\/article>\n\n\n<a href='https:\/\/www.mariages.net' title='Mariages.net'><img alt='Mariages.net' src='https:\/\/www.mariages.net\/images\/sellos\/label-partenaire--pp152736.png' style='border-width:0px;' \/><\/a>\n","protected":false},"excerpt":{"rendered":"<p>\u00a0NIKON PRO \u00ab\u00a0NPS: Un service d&rsquo;\u00e9lite pour les pros\u00a0\u00bb \u00a0 Pour moi ce n\u2019est pas le mat\u00e9riel qui rendra votre vid\u00e9o de mariage sublime ou pas, mais plut\u00f4t l\u2019oeil artistique et cr\u00e9atif du vid\u00e9aste. Sachez toutefois que je travaille depuis quelques ann\u00e9es avec la marque \u201cNIKON\u201d avec laquelle je d\u00e9tiens le statut \u201cNIKON PRO\u201d. Le [&hellip;]<\/p>\n","protected":false},"author":1,"featured_media":0,"parent":0,"menu_order":0,"comment_status":"closed","ping_status":"closed","template":"","meta":{"footnotes":""},"class_list":["post-475","page","type-page","status-publish","hentry"],"yoast_head":"<!-- This site is optimized with the Yoast SEO plugin v27.5 - https:\/\/yoast.com\/product\/yoast-seo-wordpress\/ -->\n<title>Partenaires - www.gl-videaste.com\/blog<\/title>\n<meta name=\"description\" content=\"Partenaires, Graphistudio, Nikon, Nikon Pro, S\u00e9bastien LETOURNEUR. Vous trouverez les partenaires de gl-videaste.com sur cette page.\" \/>\n<meta name=\"robots\" content=\"index, follow, max-snippet:-1, max-image-preview:large, max-video-preview:-1\" \/>\n<link rel=\"canonical\" href=\"https:\/\/www.gl-videaste.com\/blog\/partenaires\/\" \/>\n<meta property=\"og:locale\" content=\"fr_FR\" \/>\n<meta property=\"og:type\" content=\"article\" \/>\n<meta property=\"og:title\" content=\"Partenaires - www.gl-videaste.com\/blog\" \/>\n<meta property=\"og:description\" content=\"Partenaires, Graphistudio, Nikon, Nikon Pro, S\u00e9bastien LETOURNEUR. Vous trouverez les partenaires de gl-videaste.com sur cette page.\" \/>\n<meta property=\"og:url\" content=\"https:\/\/www.gl-videaste.com\/blog\/partenaires\/\" \/>\n<meta property=\"og:site_name\" content=\"www.gl-videaste.com\/blog\" \/>\n<meta property=\"article:publisher\" content=\"https:\/\/www.facebook.com\/glvideaste\/\" \/>\n<meta property=\"article:modified_time\" content=\"2019-12-21T11:39:21+00:00\" \/>\n<meta property=\"og:image\" content=\"http:\/\/www.gl-videaste.com\/blog\/wp-content\/uploads\/2016\/12\/logonikonprofdnoir-300x74.jpg\" \/>\n<meta name=\"twitter:card\" content=\"summary_large_image\" \/>\n<meta name=\"twitter:site\" content=\"@letourngeo\" \/>\n<meta name=\"twitter:label1\" content=\"Dur\u00e9e de lecture estim\u00e9e\" \/>\n\t<meta name=\"twitter:data1\" content=\"2 minutes\" \/>\n<script type=\"application\/ld+json\" class=\"yoast-schema-graph\">{\"@context\":\"https:\\\/\\\/schema.org\",\"@graph\":[{\"@type\":\"WebPage\",\"@id\":\"https:\\\/\\\/www.gl-videaste.com\\\/blog\\\/partenaires\\\/\",\"url\":\"https:\\\/\\\/www.gl-videaste.com\\\/blog\\\/partenaires\\\/\",\"name\":\"Partenaires - www.gl-videaste.com\\\/blog\",\"isPartOf\":{\"@id\":\"https:\\\/\\\/www.gl-videaste.com\\\/blog\\\/#website\"},\"primaryImageOfPage\":{\"@id\":\"https:\\\/\\\/www.gl-videaste.com\\\/blog\\\/partenaires\\\/#primaryimage\"},\"image\":{\"@id\":\"https:\\\/\\\/www.gl-videaste.com\\\/blog\\\/partenaires\\\/#primaryimage\"},\"thumbnailUrl\":\"http:\\\/\\\/www.gl-videaste.com\\\/blog\\\/wp-content\\\/uploads\\\/2016\\\/12\\\/logonikonprofdnoir-300x74.jpg\",\"datePublished\":\"2016-12-23T15:09:22+00:00\",\"dateModified\":\"2019-12-21T11:39:21+00:00\",\"description\":\"Partenaires, Graphistudio, Nikon, Nikon Pro, S\u00e9bastien LETOURNEUR. Vous trouverez les partenaires de gl-videaste.com sur cette page.\",\"breadcrumb\":{\"@id\":\"https:\\\/\\\/www.gl-videaste.com\\\/blog\\\/partenaires\\\/#breadcrumb\"},\"inLanguage\":\"fr-FR\",\"potentialAction\":[{\"@type\":\"ReadAction\",\"target\":[\"https:\\\/\\\/www.gl-videaste.com\\\/blog\\\/partenaires\\\/\"]}]},{\"@type\":\"ImageObject\",\"inLanguage\":\"fr-FR\",\"@id\":\"https:\\\/\\\/www.gl-videaste.com\\\/blog\\\/partenaires\\\/#primaryimage\",\"url\":\"http:\\\/\\\/www.gl-videaste.com\\\/blog\\\/wp-content\\\/uploads\\\/2016\\\/12\\\/logonikonprofdnoir-300x74.jpg\",\"contentUrl\":\"http:\\\/\\\/www.gl-videaste.com\\\/blog\\\/wp-content\\\/uploads\\\/2016\\\/12\\\/logonikonprofdnoir-300x74.jpg\"},{\"@type\":\"BreadcrumbList\",\"@id\":\"https:\\\/\\\/www.gl-videaste.com\\\/blog\\\/partenaires\\\/#breadcrumb\",\"itemListElement\":[{\"@type\":\"ListItem\",\"position\":1,\"name\":\"Accueil\",\"item\":\"https:\\\/\\\/www.gl-videaste.com\\\/blog\\\/\"},{\"@type\":\"ListItem\",\"position\":2,\"name\":\"Partenaires\"}]},{\"@type\":\"WebSite\",\"@id\":\"https:\\\/\\\/www.gl-videaste.com\\\/blog\\\/#website\",\"url\":\"https:\\\/\\\/www.gl-videaste.com\\\/blog\\\/\",\"name\":\"www.gl-videaste.com\\\/blog\",\"description\":\"Le mariage est le lien indissoluble d\u2019une amiti\u00e9 \u00e9ternelle...\",\"potentialAction\":[{\"@type\":\"SearchAction\",\"target\":{\"@type\":\"EntryPoint\",\"urlTemplate\":\"https:\\\/\\\/www.gl-videaste.com\\\/blog\\\/?s={search_term_string}\"},\"query-input\":{\"@type\":\"PropertyValueSpecification\",\"valueRequired\":true,\"valueName\":\"search_term_string\"}}],\"inLanguage\":\"fr-FR\"}]}<\/script>\n<!-- \/ Yoast SEO plugin. -->","yoast_head_json":{"title":"Partenaires - www.gl-videaste.com\/blog","description":"Partenaires, Graphistudio, Nikon, Nikon Pro, S\u00e9bastien LETOURNEUR. Vous trouverez les partenaires de gl-videaste.com sur cette page.","robots":{"index":"index","follow":"follow","max-snippet":"max-snippet:-1","max-image-preview":"max-image-preview:large","max-video-preview":"max-video-preview:-1"},"canonical":"https:\/\/www.gl-videaste.com\/blog\/partenaires\/","og_locale":"fr_FR","og_type":"article","og_title":"Partenaires - www.gl-videaste.com\/blog","og_description":"Partenaires, Graphistudio, Nikon, Nikon Pro, S\u00e9bastien LETOURNEUR. Vous trouverez les partenaires de gl-videaste.com sur cette page.","og_url":"https:\/\/www.gl-videaste.com\/blog\/partenaires\/","og_site_name":"www.gl-videaste.com\/blog","article_publisher":"https:\/\/www.facebook.com\/glvideaste\/","article_modified_time":"2019-12-21T11:39:21+00:00","og_image":[{"url":"http:\/\/www.gl-videaste.com\/blog\/wp-content\/uploads\/2016\/12\/logonikonprofdnoir-300x74.jpg","type":"","width":"","height":""}],"twitter_card":"summary_large_image","twitter_site":"@letourngeo","twitter_misc":{"Dur\u00e9e de lecture estim\u00e9e":"2 minutes"},"schema":{"@context":"https:\/\/schema.org","@graph":[{"@type":"WebPage","@id":"https:\/\/www.gl-videaste.com\/blog\/partenaires\/","url":"https:\/\/www.gl-videaste.com\/blog\/partenaires\/","name":"Partenaires - www.gl-videaste.com\/blog","isPartOf":{"@id":"https:\/\/www.gl-videaste.com\/blog\/#website"},"primaryImageOfPage":{"@id":"https:\/\/www.gl-videaste.com\/blog\/partenaires\/#primaryimage"},"image":{"@id":"https:\/\/www.gl-videaste.com\/blog\/partenaires\/#primaryimage"},"thumbnailUrl":"http:\/\/www.gl-videaste.com\/blog\/wp-content\/uploads\/2016\/12\/logonikonprofdnoir-300x74.jpg","datePublished":"2016-12-23T15:09:22+00:00","dateModified":"2019-12-21T11:39:21+00:00","description":"Partenaires, Graphistudio, Nikon, Nikon Pro, S\u00e9bastien LETOURNEUR. Vous trouverez les partenaires de gl-videaste.com sur cette page.","breadcrumb":{"@id":"https:\/\/www.gl-videaste.com\/blog\/partenaires\/#breadcrumb"},"inLanguage":"fr-FR","potentialAction":[{"@type":"ReadAction","target":["https:\/\/www.gl-videaste.com\/blog\/partenaires\/"]}]},{"@type":"ImageObject","inLanguage":"fr-FR","@id":"https:\/\/www.gl-videaste.com\/blog\/partenaires\/#primaryimage","url":"http:\/\/www.gl-videaste.com\/blog\/wp-content\/uploads\/2016\/12\/logonikonprofdnoir-300x74.jpg","contentUrl":"http:\/\/www.gl-videaste.com\/blog\/wp-content\/uploads\/2016\/12\/logonikonprofdnoir-300x74.jpg"},{"@type":"BreadcrumbList","@id":"https:\/\/www.gl-videaste.com\/blog\/partenaires\/#breadcrumb","itemListElement":[{"@type":"ListItem","position":1,"name":"Accueil","item":"https:\/\/www.gl-videaste.com\/blog\/"},{"@type":"ListItem","position":2,"name":"Partenaires"}]},{"@type":"WebSite","@id":"https:\/\/www.gl-videaste.com\/blog\/#website","url":"https:\/\/www.gl-videaste.com\/blog\/","name":"www.gl-videaste.com\/blog","description":"Le mariage est le lien indissoluble d\u2019une amiti\u00e9 \u00e9ternelle...","potentialAction":[{"@type":"SearchAction","target":{"@type":"EntryPoint","urlTemplate":"https:\/\/www.gl-videaste.com\/blog\/?s={search_term_string}"},"query-input":{"@type":"PropertyValueSpecification","valueRequired":true,"valueName":"search_term_string"}}],"inLanguage":"fr-FR"}]}},"_links":{"self":[{"href":"https:\/\/www.gl-videaste.com\/blog\/wp-json\/wp\/v2\/pages\/475","targetHints":{"allow":["GET"]}}],"collection":[{"href":"https:\/\/www.gl-videaste.com\/blog\/wp-json\/wp\/v2\/pages"}],"about":[{"href":"https:\/\/www.gl-videaste.com\/blog\/wp-json\/wp\/v2\/types\/page"}],"author":[{"embeddable":true,"href":"https:\/\/www.gl-videaste.com\/blog\/wp-json\/wp\/v2\/users\/1"}],"replies":[{"embeddable":true,"href":"https:\/\/www.gl-videaste.com\/blog\/wp-json\/wp\/v2\/comments?post=475"}],"version-history":[{"count":50,"href":"https:\/\/www.gl-videaste.com\/blog\/wp-json\/wp\/v2\/pages\/475\/revisions"}],"predecessor-version":[{"id":1646,"href":"https:\/\/www.gl-videaste.com\/blog\/wp-json\/wp\/v2\/pages\/475\/revisions\/1646"}],"wp:attachment":[{"href":"https:\/\/www.gl-videaste.com\/blog\/wp-json\/wp\/v2\/media?parent=475"}],"curies":[{"name":"wp","href":"https:\/\/api.w.org\/{rel}","templated":true}]}}