{"id":535,"date":"2016-12-23T17:30:25","date_gmt":"2016-12-23T16:30:25","guid":{"rendered":"http:\/\/localhost:8888\/?page_id=535"},"modified":"2017-06-06T14:27:15","modified_gmt":"2017-06-06T12:27:15","slug":"mariages","status":"publish","type":"page","link":"https:\/\/www.gl-videaste.com\/blog\/mariages\/","title":{"rendered":"Mariages"},"content":{"rendered":"<h2>Mariages<\/h2>\n<p>N&rsquo;h\u00e9sitez pas \u00e0 parcourir mon <span class=\"bold\"><a href=\"https:\/\/www.gl-videaste.com\/blog\/\">blog mariage<\/a><\/span> consacr\u00e9 \u00e0 mon activit\u00e9 de <span class=\"bold\"><a title=\"photographe mariage\" href=\"https:\/\/www.gl-videaste.com\/blog\/mariages\/\">videaste mariage<\/a><\/span>. Vous pouvez y acc\u00e9der via le menu de ce site web en haut \u00e0 gauche. J&rsquo;y pr\u00e9sente tr\u00e8s r\u00e9guli\u00e8rement mes reportages mariage plus en d\u00e9tail. Vous pourrez \u00e9galement y laisser vos impressions ou tout simplement me questionner sur les images r\u00e9alis\u00e9es.<\/p>\n<p><span class=\"color\">La vid\u00e9o de mariage<\/span>\u00a0est une histoire de gens passionn\u00e9s et d\u00e9bordant d&rsquo;imagination. <a href=\"https:\/\/www.gl-videaste.com\/blog\/le-choix-du-videaste\/\">Choisir son vid\u00e9aste de mariage\u00a0<\/a>n&rsquo;est pas une \u00e9tape \u00e9vidente. Pour r\u00e9pondre \u00e0 cette probl\u00e9matique, j&rsquo;ai cr\u00e9e sur mon site une rubrique destin\u00e9e aux mari\u00e9s, pour les aider dans la phase de recherche du vid\u00e9aste. La premi\u00e8re r\u00e8gle est avant tout de se retrouver dans le style ou l&rsquo;approche du vid\u00e9aste. La premi\u00e8re approche doit fonctionner au coup de c\u0153ur. Demandez lui aussi les <span class=\"color\"><a href=\"https:\/\/www.gl-videaste.com\/blog\/ma-prestation-de-service\/\">services inclus dans sa prestation de videaste<\/a><\/span>. Vient ensuite la question du <span class=\"color\"><a href=\"https:\/\/www.gl-videaste.com\/blog\/le-prix-du-videaste-de-mariage\/\">prix du vid\u00e9aste mariage<\/a><\/span> mais encore faut-il savoir, combien cela co\u00fbte de nos jours. Quand vous trouvez votre videaste<span class=\"color\">\u00a0mariage<\/span>, les choses prennent une tournure \u00e9vidente: la qualit\u00e9 de la prestation qu&rsquo;il propose est \u00e0 la hauteur de vos attentes. Ce sont ses services que vous voulez vous accaparer et non ceux d&rsquo;un autre videaste. N&rsquo;attendez plus et foncez car les meilleurs se r\u00e9servent longtemps \u00e0 l&rsquo;avance !<\/p>\n","protected":false},"excerpt":{"rendered":"<p>Mariages N&rsquo;h\u00e9sitez pas \u00e0 parcourir mon blog mariage consacr\u00e9 \u00e0 mon activit\u00e9 de videaste mariage. Vous pouvez y acc\u00e9der via le menu de ce site web en haut \u00e0 gauche. J&rsquo;y pr\u00e9sente tr\u00e8s r\u00e9guli\u00e8rement mes reportages mariage plus en d\u00e9tail. Vous pourrez \u00e9galement y laisser vos impressions ou tout simplement me questionner sur les images [&hellip;]<\/p>\n","protected":false},"author":1,"featured_media":0,"parent":0,"menu_order":0,"comment_status":"closed","ping_status":"closed","template":"home.php","meta":{"footnotes":""},"class_list":["post-535","page","type-page","status-publish","hentry"],"yoast_head":"<!-- This site is optimized with the Yoast SEO plugin v27.5 - https:\/\/yoast.com\/product\/yoast-seo-wordpress\/ -->\n<title>Mariages - www.gl-videaste.com\/blog<\/title>\n<meta name=\"description\" content=\"MARIAGES | PARIS\u00a0| INTERNATIONAL | VIDEASTE DE MARIAGE | CINEASTE DE MARIAGE | GALERIES VIDEOS MARIAGE | VIMEO | PHOTOS | CHATEAU MARIAGE VIDEASTE\" \/>\n<meta name=\"robots\" content=\"index, follow, max-snippet:-1, max-image-preview:large, max-video-preview:-1\" \/>\n<link rel=\"canonical\" href=\"https:\/\/www.gl-videaste.com\/blog\/mariages\/\" \/>\n<meta property=\"og:locale\" content=\"fr_FR\" \/>\n<meta property=\"og:type\" content=\"article\" \/>\n<meta property=\"og:title\" content=\"Mariages - www.gl-videaste.com\/blog\" \/>\n<meta property=\"og:description\" content=\"MARIAGES | PARIS\u00a0| INTERNATIONAL | VIDEASTE DE MARIAGE | CINEASTE DE MARIAGE | GALERIES VIDEOS MARIAGE | VIMEO | PHOTOS | CHATEAU MARIAGE VIDEASTE\" \/>\n<meta property=\"og:url\" content=\"https:\/\/www.gl-videaste.com\/blog\/mariages\/\" \/>\n<meta property=\"og:site_name\" content=\"www.gl-videaste.com\/blog\" \/>\n<meta property=\"article:publisher\" content=\"https:\/\/www.facebook.com\/glvideaste\/\" \/>\n<meta property=\"article:modified_time\" content=\"2017-06-06T12:27:15+00:00\" \/>\n<meta name=\"twitter:card\" content=\"summary_large_image\" \/>\n<meta name=\"twitter:site\" content=\"@letourngeo\" \/>\n<meta name=\"twitter:label1\" content=\"Dur\u00e9e de lecture estim\u00e9e\" \/>\n\t<meta name=\"twitter:data1\" content=\"1 minute\" \/>\n<script type=\"application\/ld+json\" class=\"yoast-schema-graph\">{\"@context\":\"https:\\\/\\\/schema.org\",\"@graph\":[{\"@type\":\"WebPage\",\"@id\":\"https:\\\/\\\/www.gl-videaste.com\\\/blog\\\/mariages\\\/\",\"url\":\"https:\\\/\\\/www.gl-videaste.com\\\/blog\\\/mariages\\\/\",\"name\":\"Mariages - www.gl-videaste.com\\\/blog\",\"isPartOf\":{\"@id\":\"https:\\\/\\\/www.gl-videaste.com\\\/blog\\\/#website\"},\"datePublished\":\"2016-12-23T16:30:25+00:00\",\"dateModified\":\"2017-06-06T12:27:15+00:00\",\"description\":\"MARIAGES | PARIS\u00a0| INTERNATIONAL | VIDEASTE DE MARIAGE | CINEASTE DE MARIAGE | GALERIES VIDEOS MARIAGE | VIMEO | PHOTOS | CHATEAU MARIAGE VIDEASTE\",\"breadcrumb\":{\"@id\":\"https:\\\/\\\/www.gl-videaste.com\\\/blog\\\/mariages\\\/#breadcrumb\"},\"inLanguage\":\"fr-FR\",\"potentialAction\":[{\"@type\":\"ReadAction\",\"target\":[\"https:\\\/\\\/www.gl-videaste.com\\\/blog\\\/mariages\\\/\"]}]},{\"@type\":\"BreadcrumbList\",\"@id\":\"https:\\\/\\\/www.gl-videaste.com\\\/blog\\\/mariages\\\/#breadcrumb\",\"itemListElement\":[{\"@type\":\"ListItem\",\"position\":1,\"name\":\"Accueil\",\"item\":\"https:\\\/\\\/www.gl-videaste.com\\\/blog\\\/\"},{\"@type\":\"ListItem\",\"position\":2,\"name\":\"Mariages\"}]},{\"@type\":\"WebSite\",\"@id\":\"https:\\\/\\\/www.gl-videaste.com\\\/blog\\\/#website\",\"url\":\"https:\\\/\\\/www.gl-videaste.com\\\/blog\\\/\",\"name\":\"www.gl-videaste.com\\\/blog\",\"description\":\"Le mariage est le lien indissoluble d\u2019une amiti\u00e9 \u00e9ternelle...\",\"potentialAction\":[{\"@type\":\"SearchAction\",\"target\":{\"@type\":\"EntryPoint\",\"urlTemplate\":\"https:\\\/\\\/www.gl-videaste.com\\\/blog\\\/?s={search_term_string}\"},\"query-input\":{\"@type\":\"PropertyValueSpecification\",\"valueRequired\":true,\"valueName\":\"search_term_string\"}}],\"inLanguage\":\"fr-FR\"}]}<\/script>\n<!-- \/ Yoast SEO plugin. -->","yoast_head_json":{"title":"Mariages - www.gl-videaste.com\/blog","description":"MARIAGES | PARIS\u00a0| INTERNATIONAL | VIDEASTE DE MARIAGE | CINEASTE DE MARIAGE | GALERIES VIDEOS MARIAGE | VIMEO | PHOTOS | CHATEAU MARIAGE VIDEASTE","robots":{"index":"index","follow":"follow","max-snippet":"max-snippet:-1","max-image-preview":"max-image-preview:large","max-video-preview":"max-video-preview:-1"},"canonical":"https:\/\/www.gl-videaste.com\/blog\/mariages\/","og_locale":"fr_FR","og_type":"article","og_title":"Mariages - www.gl-videaste.com\/blog","og_description":"MARIAGES | PARIS\u00a0| INTERNATIONAL | VIDEASTE DE MARIAGE | CINEASTE DE MARIAGE | GALERIES VIDEOS MARIAGE | VIMEO | PHOTOS | CHATEAU MARIAGE VIDEASTE","og_url":"https:\/\/www.gl-videaste.com\/blog\/mariages\/","og_site_name":"www.gl-videaste.com\/blog","article_publisher":"https:\/\/www.facebook.com\/glvideaste\/","article_modified_time":"2017-06-06T12:27:15+00:00","twitter_card":"summary_large_image","twitter_site":"@letourngeo","twitter_misc":{"Dur\u00e9e de lecture estim\u00e9e":"1 minute"},"schema":{"@context":"https:\/\/schema.org","@graph":[{"@type":"WebPage","@id":"https:\/\/www.gl-videaste.com\/blog\/mariages\/","url":"https:\/\/www.gl-videaste.com\/blog\/mariages\/","name":"Mariages - www.gl-videaste.com\/blog","isPartOf":{"@id":"https:\/\/www.gl-videaste.com\/blog\/#website"},"datePublished":"2016-12-23T16:30:25+00:00","dateModified":"2017-06-06T12:27:15+00:00","description":"MARIAGES | PARIS\u00a0| INTERNATIONAL | VIDEASTE DE MARIAGE | CINEASTE DE MARIAGE | GALERIES VIDEOS MARIAGE | VIMEO | PHOTOS | CHATEAU MARIAGE VIDEASTE","breadcrumb":{"@id":"https:\/\/www.gl-videaste.com\/blog\/mariages\/#breadcrumb"},"inLanguage":"fr-FR","potentialAction":[{"@type":"ReadAction","target":["https:\/\/www.gl-videaste.com\/blog\/mariages\/"]}]},{"@type":"BreadcrumbList","@id":"https:\/\/www.gl-videaste.com\/blog\/mariages\/#breadcrumb","itemListElement":[{"@type":"ListItem","position":1,"name":"Accueil","item":"https:\/\/www.gl-videaste.com\/blog\/"},{"@type":"ListItem","position":2,"name":"Mariages"}]},{"@type":"WebSite","@id":"https:\/\/www.gl-videaste.com\/blog\/#website","url":"https:\/\/www.gl-videaste.com\/blog\/","name":"www.gl-videaste.com\/blog","description":"Le mariage est le lien indissoluble d\u2019une amiti\u00e9 \u00e9ternelle...","potentialAction":[{"@type":"SearchAction","target":{"@type":"EntryPoint","urlTemplate":"https:\/\/www.gl-videaste.com\/blog\/?s={search_term_string}"},"query-input":{"@type":"PropertyValueSpecification","valueRequired":true,"valueName":"search_term_string"}}],"inLanguage":"fr-FR"}]}},"_links":{"self":[{"href":"https:\/\/www.gl-videaste.com\/blog\/wp-json\/wp\/v2\/pages\/535","targetHints":{"allow":["GET"]}}],"collection":[{"href":"https:\/\/www.gl-videaste.com\/blog\/wp-json\/wp\/v2\/pages"}],"about":[{"href":"https:\/\/www.gl-videaste.com\/blog\/wp-json\/wp\/v2\/types\/page"}],"author":[{"embeddable":true,"href":"https:\/\/www.gl-videaste.com\/blog\/wp-json\/wp\/v2\/users\/1"}],"replies":[{"embeddable":true,"href":"https:\/\/www.gl-videaste.com\/blog\/wp-json\/wp\/v2\/comments?post=535"}],"version-history":[{"count":7,"href":"https:\/\/www.gl-videaste.com\/blog\/wp-json\/wp\/v2\/pages\/535\/revisions"}],"predecessor-version":[{"id":1161,"href":"https:\/\/www.gl-videaste.com\/blog\/wp-json\/wp\/v2\/pages\/535\/revisions\/1161"}],"wp:attachment":[{"href":"https:\/\/www.gl-videaste.com\/blog\/wp-json\/wp\/v2\/media?parent=535"}],"curies":[{"name":"wp","href":"https:\/\/api.w.org\/{rel}","templated":true}]}}