{"id":731,"date":"2016-12-26T23:03:01","date_gmt":"2016-12-26T22:03:01","guid":{"rendered":"http:\/\/localhost:8888\/?page_id=731"},"modified":"2017-05-16T10:17:19","modified_gmt":"2017-05-16T08:17:19","slug":"videaste-de-mariage-paris","status":"publish","type":"page","link":"https:\/\/www.gl-videaste.com\/blog\/","title":{"rendered":"Videaste de mariage Paris"},"content":{"rendered":"<h1>Videaste de mariage Paris<\/h1>\n<p>Je m&rsquo;appelle Geoffroy LETOURNEUR. Je suis\u00a0photographe et vid\u00e9aste professionnel de mariage. Confiez-moi vos mariages,<a href=\"http:\/\/httpS:\/\/www.gl-videaste.com\/blog\/\"> gl-videaste.com<\/a>, s\u00e9ances d&rsquo;engagement ou bien Photo Booth. Mais aussi vos moments plus intimes comme une s\u00e9ance photo femme enceinte, les photos de votre nouveau n\u00e9 pour une nouvelle naissance !<\/p>\n<p>International destination wedding photographers in Paris, GL-VIDEASTE is\u00a0story teller. Pour votre mariage, confier la capture de vos souvenirs passionn\u00e9s \u00e0 une \u00e9quipe d&rsquo;artiste professionnel qui sauront les sublimer et en faire un film unique qui traversera le temps pour un rendu dynamique et moderne. Je\u00a0vous invite \u00e0 d\u00e9couvrir mon\u00a0savoir-faire cin\u00e9matographique sans plus tarder<span class=\"app-common-ellipsis\">&#8230;<\/span><\/p>\n<p><a href=\"https:\/\/www.gl-videaste.com\/\">Vid\u00e9aste de mariage paris professionnel bas\u00e9 \u00e0 Paris<\/a>, je me d\u00e9place dans toute la France. (Sud-ouest, Pays de La Loire, Poitou-Charentes, Nantes, Angers, Rennes, Poitiers, La Rochelle et Angoul\u00eame).\u00a0Bien-s\u00fbr, si vous aimez mon travail, je me d\u00e9placerai dans votre r\u00e9gion avec plaisir (Paris, Bordeaux, Toulouse, Marseille et\u00a0m\u00eame \u00e0 l\u2019\u00e9tranger).<\/p>\n<p><a href=\"https:\/\/www.gl-videaste.com\/blog\/ma-prestation-de-service\/\">Ma prestation de service<\/a> comprend la\u00a0r\u00e9alisation de votre film de mariage\u00a0qui retrace\u00a0toute la journ\u00e9e. \u00a0Votre film de mariage durera entre 10\u00a0et 25\u00a0minutes selon la formule s\u00e9lectionn\u00e9e. Il alternera moments de reportage (avec le son d\u2019ambiance enregistr\u00e9 le jour-J) et passages musicaux.<\/p>\n<p>&nbsp;<\/p>\n","protected":false},"excerpt":{"rendered":"<p>Videaste de mariage Paris Je m&rsquo;appelle Geoffroy LETOURNEUR. Je suis\u00a0photographe et vid\u00e9aste professionnel de mariage. Confiez-moi vos mariages, gl-videaste.com, s\u00e9ances d&rsquo;engagement ou bien Photo Booth. Mais aussi vos moments plus intimes comme une s\u00e9ance photo femme enceinte, les photos de votre nouveau n\u00e9 pour une nouvelle naissance ! International destination wedding photographers in Paris, GL-VIDEASTE [&hellip;]<\/p>\n","protected":false},"author":1,"featured_media":0,"parent":0,"menu_order":0,"comment_status":"closed","ping_status":"closed","template":"home.php","meta":{"footnotes":""},"class_list":["post-731","page","type-page","status-publish","hentry"],"yoast_head":"<!-- This site is optimized with the Yoast SEO plugin v27.5 - https:\/\/yoast.com\/product\/yoast-seo-wordpress\/ -->\n<title>Videaste de mariage Paris - www.gl-videaste.com\/blog<\/title>\n<meta name=\"description\" content=\"FILM DE MARIAGE | WEDDING FILM | WEDDING CINEMATOGRAPHY | VIDEO MARIAGE PARIS | INTERNATIONAL | REPORTAGE DE MARIAGE | GL-VIDEASTE.COM\" \/>\n<meta name=\"robots\" content=\"index, follow, max-snippet:-1, max-image-preview:large, max-video-preview:-1\" \/>\n<link rel=\"canonical\" href=\"https:\/\/www.gl-videaste.com\/blog\/\" \/>\n<meta property=\"og:locale\" content=\"fr_FR\" \/>\n<meta property=\"og:type\" content=\"article\" \/>\n<meta property=\"og:title\" content=\"Videaste de mariage Paris - www.gl-videaste.com\/blog\" \/>\n<meta property=\"og:description\" content=\"FILM DE MARIAGE | WEDDING FILM | WEDDING CINEMATOGRAPHY | VIDEO MARIAGE PARIS | INTERNATIONAL | REPORTAGE DE MARIAGE | GL-VIDEASTE.COM\" \/>\n<meta property=\"og:url\" content=\"https:\/\/www.gl-videaste.com\/blog\/\" \/>\n<meta property=\"og:site_name\" content=\"www.gl-videaste.com\/blog\" \/>\n<meta property=\"article:publisher\" content=\"https:\/\/www.facebook.com\/glvideaste\/\" \/>\n<meta property=\"article:modified_time\" content=\"2017-05-16T08:17:19+00:00\" \/>\n<meta name=\"twitter:card\" content=\"summary_large_image\" \/>\n<meta name=\"twitter:site\" content=\"@letourngeo\" \/>\n<meta name=\"twitter:label1\" content=\"Dur\u00e9e de lecture estim\u00e9e\" \/>\n\t<meta name=\"twitter:data1\" content=\"1 minute\" \/>\n<script type=\"application\/ld+json\" class=\"yoast-schema-graph\">{\"@context\":\"https:\\\/\\\/schema.org\",\"@graph\":[{\"@type\":\"WebPage\",\"@id\":\"https:\\\/\\\/www.gl-videaste.com\\\/blog\\\/\",\"url\":\"https:\\\/\\\/www.gl-videaste.com\\\/blog\\\/\",\"name\":\"Videaste de mariage Paris - www.gl-videaste.com\\\/blog\",\"isPartOf\":{\"@id\":\"https:\\\/\\\/www.gl-videaste.com\\\/blog\\\/#website\"},\"datePublished\":\"2016-12-26T22:03:01+00:00\",\"dateModified\":\"2017-05-16T08:17:19+00:00\",\"description\":\"FILM DE MARIAGE | WEDDING FILM | WEDDING CINEMATOGRAPHY | VIDEO MARIAGE PARIS | INTERNATIONAL | REPORTAGE DE MARIAGE | GL-VIDEASTE.COM\",\"breadcrumb\":{\"@id\":\"https:\\\/\\\/www.gl-videaste.com\\\/blog\\\/#breadcrumb\"},\"inLanguage\":\"fr-FR\",\"potentialAction\":[{\"@type\":\"ReadAction\",\"target\":[\"https:\\\/\\\/www.gl-videaste.com\\\/blog\\\/\"]}]},{\"@type\":\"BreadcrumbList\",\"@id\":\"https:\\\/\\\/www.gl-videaste.com\\\/blog\\\/#breadcrumb\",\"itemListElement\":[{\"@type\":\"ListItem\",\"position\":1,\"name\":\"Accueil\",\"item\":\"https:\\\/\\\/www.gl-videaste.com\\\/blog\\\/\"},{\"@type\":\"ListItem\",\"position\":2,\"name\":\"Videaste de mariage Paris\"}]},{\"@type\":\"WebSite\",\"@id\":\"https:\\\/\\\/www.gl-videaste.com\\\/blog\\\/#website\",\"url\":\"https:\\\/\\\/www.gl-videaste.com\\\/blog\\\/\",\"name\":\"www.gl-videaste.com\\\/blog\",\"description\":\"Le mariage est le lien indissoluble d\u2019une amiti\u00e9 \u00e9ternelle...\",\"potentialAction\":[{\"@type\":\"SearchAction\",\"target\":{\"@type\":\"EntryPoint\",\"urlTemplate\":\"https:\\\/\\\/www.gl-videaste.com\\\/blog\\\/?s={search_term_string}\"},\"query-input\":{\"@type\":\"PropertyValueSpecification\",\"valueRequired\":true,\"valueName\":\"search_term_string\"}}],\"inLanguage\":\"fr-FR\"}]}<\/script>\n<!-- \/ Yoast SEO plugin. -->","yoast_head_json":{"title":"Videaste de mariage Paris - www.gl-videaste.com\/blog","description":"FILM DE MARIAGE | WEDDING FILM | WEDDING CINEMATOGRAPHY | VIDEO MARIAGE PARIS | INTERNATIONAL | REPORTAGE DE MARIAGE | GL-VIDEASTE.COM","robots":{"index":"index","follow":"follow","max-snippet":"max-snippet:-1","max-image-preview":"max-image-preview:large","max-video-preview":"max-video-preview:-1"},"canonical":"https:\/\/www.gl-videaste.com\/blog\/","og_locale":"fr_FR","og_type":"article","og_title":"Videaste de mariage Paris - www.gl-videaste.com\/blog","og_description":"FILM DE MARIAGE | WEDDING FILM | WEDDING CINEMATOGRAPHY | VIDEO MARIAGE PARIS | INTERNATIONAL | REPORTAGE DE MARIAGE | GL-VIDEASTE.COM","og_url":"https:\/\/www.gl-videaste.com\/blog\/","og_site_name":"www.gl-videaste.com\/blog","article_publisher":"https:\/\/www.facebook.com\/glvideaste\/","article_modified_time":"2017-05-16T08:17:19+00:00","twitter_card":"summary_large_image","twitter_site":"@letourngeo","twitter_misc":{"Dur\u00e9e de lecture estim\u00e9e":"1 minute"},"schema":{"@context":"https:\/\/schema.org","@graph":[{"@type":"WebPage","@id":"https:\/\/www.gl-videaste.com\/blog\/","url":"https:\/\/www.gl-videaste.com\/blog\/","name":"Videaste de mariage Paris - www.gl-videaste.com\/blog","isPartOf":{"@id":"https:\/\/www.gl-videaste.com\/blog\/#website"},"datePublished":"2016-12-26T22:03:01+00:00","dateModified":"2017-05-16T08:17:19+00:00","description":"FILM DE MARIAGE | WEDDING FILM | WEDDING CINEMATOGRAPHY | VIDEO MARIAGE PARIS | INTERNATIONAL | REPORTAGE DE MARIAGE | GL-VIDEASTE.COM","breadcrumb":{"@id":"https:\/\/www.gl-videaste.com\/blog\/#breadcrumb"},"inLanguage":"fr-FR","potentialAction":[{"@type":"ReadAction","target":["https:\/\/www.gl-videaste.com\/blog\/"]}]},{"@type":"BreadcrumbList","@id":"https:\/\/www.gl-videaste.com\/blog\/#breadcrumb","itemListElement":[{"@type":"ListItem","position":1,"name":"Accueil","item":"https:\/\/www.gl-videaste.com\/blog\/"},{"@type":"ListItem","position":2,"name":"Videaste de mariage Paris"}]},{"@type":"WebSite","@id":"https:\/\/www.gl-videaste.com\/blog\/#website","url":"https:\/\/www.gl-videaste.com\/blog\/","name":"www.gl-videaste.com\/blog","description":"Le mariage est le lien indissoluble d\u2019une amiti\u00e9 \u00e9ternelle...","potentialAction":[{"@type":"SearchAction","target":{"@type":"EntryPoint","urlTemplate":"https:\/\/www.gl-videaste.com\/blog\/?s={search_term_string}"},"query-input":{"@type":"PropertyValueSpecification","valueRequired":true,"valueName":"search_term_string"}}],"inLanguage":"fr-FR"}]}},"_links":{"self":[{"href":"https:\/\/www.gl-videaste.com\/blog\/wp-json\/wp\/v2\/pages\/731","targetHints":{"allow":["GET"]}}],"collection":[{"href":"https:\/\/www.gl-videaste.com\/blog\/wp-json\/wp\/v2\/pages"}],"about":[{"href":"https:\/\/www.gl-videaste.com\/blog\/wp-json\/wp\/v2\/types\/page"}],"author":[{"embeddable":true,"href":"https:\/\/www.gl-videaste.com\/blog\/wp-json\/wp\/v2\/users\/1"}],"replies":[{"embeddable":true,"href":"https:\/\/www.gl-videaste.com\/blog\/wp-json\/wp\/v2\/comments?post=731"}],"version-history":[{"count":40,"href":"https:\/\/www.gl-videaste.com\/blog\/wp-json\/wp\/v2\/pages\/731\/revisions"}],"predecessor-version":[{"id":1295,"href":"https:\/\/www.gl-videaste.com\/blog\/wp-json\/wp\/v2\/pages\/731\/revisions\/1295"}],"wp:attachment":[{"href":"https:\/\/www.gl-videaste.com\/blog\/wp-json\/wp\/v2\/media?parent=731"}],"curies":[{"name":"wp","href":"https:\/\/api.w.org\/{rel}","templated":true}]}}