{"id":734,"date":"2016-12-26T23:18:00","date_gmt":"2016-12-26T22:18:00","guid":{"rendered":"http:\/\/localhost:8888\/?page_id=734"},"modified":"2022-02-10T15:11:39","modified_gmt":"2022-02-10T14:11:39","slug":"contact","status":"publish","type":"page","link":"https:\/\/www.gl-videaste.com\/blog\/contact\/","title":{"rendered":"Contact"},"content":{"rendered":"<h3 class=\"font-merriweather-reg page-heading\"><strong><i>Geoffroy LETOURNEUR<\/i><\/strong><\/h3>\n<div class=\"page-content\">\n<p><i>Vid\u00e9aste de mariage (Paris, France, Etranger)<\/i><br \/>\n<strong><i>N\u00b0Siret:<\/i><\/strong><i> 790 050 959 00010 <strong><br \/>\nCode APE:<\/strong> 7420Z<\/i><\/p>\n<div id=\"photo\">&nbsp;<img loading=\"lazy\" decoding=\"async\" class=\"alignnone wp-image-686 size-full\" src=\"https:\/\/www.gl-videaste.com\/blog\/wp-content\/uploads\/2016\/11\/cartesVisite-1.png\" alt=\"\" width=\"1036\" height=\"389\" srcset=\"https:\/\/www.gl-videaste.com\/blog\/wp-content\/uploads\/2016\/11\/cartesVisite-1.png 1036w, https:\/\/www.gl-videaste.com\/blog\/wp-content\/uploads\/2016\/11\/cartesVisite-1-300x113.png 300w, https:\/\/www.gl-videaste.com\/blog\/wp-content\/uploads\/2016\/11\/cartesVisite-1-768x288.png 768w, https:\/\/www.gl-videaste.com\/blog\/wp-content\/uploads\/2016\/11\/cartesVisite-1-1024x384.png 1024w\" sizes=\"auto, (max-width: 1036px) 100vw, 1036px\" \/><\/div>\n<p>Je conseille aux mari\u00e9s de me contacter le plus t\u00f4t possible. En effet une vid\u00e9o de mariage doit se pr\u00e9parer et se planifier dans les meilleurs conditions pour obtenir un r\u00e9sultat de grande qualit\u00e9.<\/p>\n<h4><em><strong><u>Contactez-moi:<\/u><\/strong><\/em><\/h4>\n<p>\u2022 par mail: mariage@gl-videaste.com<br \/>\n\u2022 sur mon mobile: 06 45 14 24 32<br \/>\n\u2022 via Facebook: <u><a href=\"https:\/\/www.facebook.com\/glvideaste\/\" target=\"_blank\" rel=\"noopener noreferrer\">https:\/\/www.facebook.com\/glvideaste\/ <\/a><\/u><br \/>\n\u2022 visiter ma galerie vimeo: <u><a href=\"https:\/\/vimeo.com\/album\/2495063\" target=\"_blank\" rel=\"noopener noreferrer\">https:\/\/vimeo.com\/album\/2495063<\/a><\/u><\/p>\n<h4><em><strong><u>Communiquez-moi:<\/u><\/strong><\/em><\/h4>\n<p>\u2022 la date du Mariage<br \/>\n\u2022 le programme du Mariage<br \/>\n\u2022 le lieu du Mariage<br \/>\n\u2022 le th\u00e8me du Mariage<br \/>\n\u2022 le nombre d\u2019invit\u00e9s<br \/>\n\u2022 l&rsquo;heure et le lieu de la c\u00e9r\u00e9monie religieuse<br \/>\n\u2022 l&rsquo;heure et le lieu de rendez-vous \u00e0 la Mairie<br \/>\n\u2022 vos coordonn\u00e9es email, t\u00e9l\u00e9phone mobile<\/p>\n<h4><em><strong><u>Questionnez-moi:<\/u><\/strong><\/em><\/h4>\n<p>\u2022 au sujet de <a href=\"https:\/\/www.gl-videaste.com\/blog\/le-prix\/\">l\u2019obtention d\u2019un devis<\/a><br \/>\n\u2022 quant \u00e0 ma mobilit\u00e9<br \/>\n\u2022 quant \u00e0 mes disponibilit\u00e9s<br \/>\n\u2022 sur les prestations et supports que j\u2019ai l\u2019habitude de proposer<\/p>\n<p>Je reste \u00e0 votre disposition pour de plus amples renseignements. Que ce soit pour des d\u00e9tails pratiques ou pour des questions d\u2019ordre budg\u00e9taire, chaque mariage \u00e9tant unique, je saurai vous conseiller le meilleur service et prestation en rapport avec votre demande.<\/p>\n<p>Si un contact par mail ou t\u00e9l\u00e9phone n\u2019est pas suffisant, n\u2019h\u00e9sitez pas \u00e0 manifester une demande de rendez-vous. Je me d\u00e9place facilement sur Paris et en IDF. J\u2019effectue mes prestations en France et \u00e0 l\u2019\u00e9tranger.<\/p>\n<\/div>\n","protected":false},"excerpt":{"rendered":"<p>Geoffroy LETOURNEUR Vid\u00e9aste de mariage (Paris, France, Etranger) N\u00b0Siret: 790 050 959 00010 Code APE: 7420Z &nbsp; Je conseille aux mari\u00e9s de me contacter le plus t\u00f4t possible. En effet une vid\u00e9o de mariage doit se pr\u00e9parer et se planifier dans les meilleurs conditions pour obtenir un r\u00e9sultat de grande qualit\u00e9. Contactez-moi: \u2022 par mail: [&hellip;]<\/p>\n","protected":false},"author":1,"featured_media":0,"parent":0,"menu_order":0,"comment_status":"closed","ping_status":"closed","template":"templates\/contact-page.php","meta":{"footnotes":""},"class_list":["post-734","page","type-page","status-publish","hentry"],"yoast_head":"<!-- This site is optimized with the Yoast SEO plugin v27.5 - https:\/\/yoast.com\/product\/yoast-seo-wordpress\/ -->\n<title>Contact - www.gl-videaste.com\/blog<\/title>\n<meta name=\"description\" content=\"Contact | Geoffroy LETOURNEUR, Vid\u00e9aste de mariage. Vid\u00e9o de mariage Paris, International, devis, prestration de service.\" \/>\n<meta name=\"robots\" content=\"index, follow, max-snippet:-1, max-image-preview:large, max-video-preview:-1\" \/>\n<link rel=\"canonical\" href=\"https:\/\/www.gl-videaste.com\/blog\/contact\/\" \/>\n<meta property=\"og:locale\" content=\"fr_FR\" \/>\n<meta property=\"og:type\" content=\"article\" \/>\n<meta property=\"og:title\" content=\"Contact - www.gl-videaste.com\/blog\" \/>\n<meta property=\"og:description\" content=\"Contact | Geoffroy LETOURNEUR, Vid\u00e9aste de mariage. Vid\u00e9o de mariage Paris, International, devis, prestration de service.\" \/>\n<meta property=\"og:url\" content=\"https:\/\/www.gl-videaste.com\/blog\/contact\/\" \/>\n<meta property=\"og:site_name\" content=\"www.gl-videaste.com\/blog\" \/>\n<meta property=\"article:publisher\" content=\"https:\/\/www.facebook.com\/glvideaste\/\" \/>\n<meta property=\"article:modified_time\" content=\"2022-02-10T14:11:39+00:00\" \/>\n<meta property=\"og:image\" content=\"https:\/\/www.gl-videaste.com\/blog\/wp-content\/uploads\/2016\/11\/cartesVisite-1.png\" \/>\n<meta name=\"twitter:card\" content=\"summary_large_image\" \/>\n<meta name=\"twitter:site\" content=\"@letourngeo\" \/>\n<meta name=\"twitter:label1\" content=\"Dur\u00e9e de lecture estim\u00e9e\" \/>\n\t<meta name=\"twitter:data1\" content=\"2 minutes\" \/>\n<script type=\"application\/ld+json\" class=\"yoast-schema-graph\">{\"@context\":\"https:\\\/\\\/schema.org\",\"@graph\":[{\"@type\":\"WebPage\",\"@id\":\"https:\\\/\\\/www.gl-videaste.com\\\/blog\\\/contact\\\/\",\"url\":\"https:\\\/\\\/www.gl-videaste.com\\\/blog\\\/contact\\\/\",\"name\":\"Contact - www.gl-videaste.com\\\/blog\",\"isPartOf\":{\"@id\":\"https:\\\/\\\/www.gl-videaste.com\\\/blog\\\/#website\"},\"primaryImageOfPage\":{\"@id\":\"https:\\\/\\\/www.gl-videaste.com\\\/blog\\\/contact\\\/#primaryimage\"},\"image\":{\"@id\":\"https:\\\/\\\/www.gl-videaste.com\\\/blog\\\/contact\\\/#primaryimage\"},\"thumbnailUrl\":\"https:\\\/\\\/www.gl-videaste.com\\\/blog\\\/wp-content\\\/uploads\\\/2016\\\/11\\\/cartesVisite-1.png\",\"datePublished\":\"2016-12-26T22:18:00+00:00\",\"dateModified\":\"2022-02-10T14:11:39+00:00\",\"description\":\"Contact | Geoffroy LETOURNEUR, Vid\u00e9aste de mariage. Vid\u00e9o de mariage Paris, International, devis, prestration de service.\",\"breadcrumb\":{\"@id\":\"https:\\\/\\\/www.gl-videaste.com\\\/blog\\\/contact\\\/#breadcrumb\"},\"inLanguage\":\"fr-FR\",\"potentialAction\":[{\"@type\":\"ReadAction\",\"target\":[\"https:\\\/\\\/www.gl-videaste.com\\\/blog\\\/contact\\\/\"]}]},{\"@type\":\"ImageObject\",\"inLanguage\":\"fr-FR\",\"@id\":\"https:\\\/\\\/www.gl-videaste.com\\\/blog\\\/contact\\\/#primaryimage\",\"url\":\"https:\\\/\\\/www.gl-videaste.com\\\/blog\\\/wp-content\\\/uploads\\\/2016\\\/11\\\/cartesVisite-1.png\",\"contentUrl\":\"https:\\\/\\\/www.gl-videaste.com\\\/blog\\\/wp-content\\\/uploads\\\/2016\\\/11\\\/cartesVisite-1.png\",\"width\":1036,\"height\":389},{\"@type\":\"BreadcrumbList\",\"@id\":\"https:\\\/\\\/www.gl-videaste.com\\\/blog\\\/contact\\\/#breadcrumb\",\"itemListElement\":[{\"@type\":\"ListItem\",\"position\":1,\"name\":\"Accueil\",\"item\":\"https:\\\/\\\/www.gl-videaste.com\\\/blog\\\/\"},{\"@type\":\"ListItem\",\"position\":2,\"name\":\"Contact\"}]},{\"@type\":\"WebSite\",\"@id\":\"https:\\\/\\\/www.gl-videaste.com\\\/blog\\\/#website\",\"url\":\"https:\\\/\\\/www.gl-videaste.com\\\/blog\\\/\",\"name\":\"www.gl-videaste.com\\\/blog\",\"description\":\"Le mariage est le lien indissoluble d\u2019une amiti\u00e9 \u00e9ternelle...\",\"potentialAction\":[{\"@type\":\"SearchAction\",\"target\":{\"@type\":\"EntryPoint\",\"urlTemplate\":\"https:\\\/\\\/www.gl-videaste.com\\\/blog\\\/?s={search_term_string}\"},\"query-input\":{\"@type\":\"PropertyValueSpecification\",\"valueRequired\":true,\"valueName\":\"search_term_string\"}}],\"inLanguage\":\"fr-FR\"}]}<\/script>\n<!-- \/ Yoast SEO plugin. -->","yoast_head_json":{"title":"Contact - www.gl-videaste.com\/blog","description":"Contact | Geoffroy LETOURNEUR, Vid\u00e9aste de mariage. Vid\u00e9o de mariage Paris, International, devis, prestration de service.","robots":{"index":"index","follow":"follow","max-snippet":"max-snippet:-1","max-image-preview":"max-image-preview:large","max-video-preview":"max-video-preview:-1"},"canonical":"https:\/\/www.gl-videaste.com\/blog\/contact\/","og_locale":"fr_FR","og_type":"article","og_title":"Contact - www.gl-videaste.com\/blog","og_description":"Contact | Geoffroy LETOURNEUR, Vid\u00e9aste de mariage. Vid\u00e9o de mariage Paris, International, devis, prestration de service.","og_url":"https:\/\/www.gl-videaste.com\/blog\/contact\/","og_site_name":"www.gl-videaste.com\/blog","article_publisher":"https:\/\/www.facebook.com\/glvideaste\/","article_modified_time":"2022-02-10T14:11:39+00:00","og_image":[{"url":"https:\/\/www.gl-videaste.com\/blog\/wp-content\/uploads\/2016\/11\/cartesVisite-1.png","type":"","width":"","height":""}],"twitter_card":"summary_large_image","twitter_site":"@letourngeo","twitter_misc":{"Dur\u00e9e de lecture estim\u00e9e":"2 minutes"},"schema":{"@context":"https:\/\/schema.org","@graph":[{"@type":"WebPage","@id":"https:\/\/www.gl-videaste.com\/blog\/contact\/","url":"https:\/\/www.gl-videaste.com\/blog\/contact\/","name":"Contact - www.gl-videaste.com\/blog","isPartOf":{"@id":"https:\/\/www.gl-videaste.com\/blog\/#website"},"primaryImageOfPage":{"@id":"https:\/\/www.gl-videaste.com\/blog\/contact\/#primaryimage"},"image":{"@id":"https:\/\/www.gl-videaste.com\/blog\/contact\/#primaryimage"},"thumbnailUrl":"https:\/\/www.gl-videaste.com\/blog\/wp-content\/uploads\/2016\/11\/cartesVisite-1.png","datePublished":"2016-12-26T22:18:00+00:00","dateModified":"2022-02-10T14:11:39+00:00","description":"Contact | Geoffroy LETOURNEUR, Vid\u00e9aste de mariage. Vid\u00e9o de mariage Paris, International, devis, prestration de service.","breadcrumb":{"@id":"https:\/\/www.gl-videaste.com\/blog\/contact\/#breadcrumb"},"inLanguage":"fr-FR","potentialAction":[{"@type":"ReadAction","target":["https:\/\/www.gl-videaste.com\/blog\/contact\/"]}]},{"@type":"ImageObject","inLanguage":"fr-FR","@id":"https:\/\/www.gl-videaste.com\/blog\/contact\/#primaryimage","url":"https:\/\/www.gl-videaste.com\/blog\/wp-content\/uploads\/2016\/11\/cartesVisite-1.png","contentUrl":"https:\/\/www.gl-videaste.com\/blog\/wp-content\/uploads\/2016\/11\/cartesVisite-1.png","width":1036,"height":389},{"@type":"BreadcrumbList","@id":"https:\/\/www.gl-videaste.com\/blog\/contact\/#breadcrumb","itemListElement":[{"@type":"ListItem","position":1,"name":"Accueil","item":"https:\/\/www.gl-videaste.com\/blog\/"},{"@type":"ListItem","position":2,"name":"Contact"}]},{"@type":"WebSite","@id":"https:\/\/www.gl-videaste.com\/blog\/#website","url":"https:\/\/www.gl-videaste.com\/blog\/","name":"www.gl-videaste.com\/blog","description":"Le mariage est le lien indissoluble d\u2019une amiti\u00e9 \u00e9ternelle...","potentialAction":[{"@type":"SearchAction","target":{"@type":"EntryPoint","urlTemplate":"https:\/\/www.gl-videaste.com\/blog\/?s={search_term_string}"},"query-input":{"@type":"PropertyValueSpecification","valueRequired":true,"valueName":"search_term_string"}}],"inLanguage":"fr-FR"}]}},"_links":{"self":[{"href":"https:\/\/www.gl-videaste.com\/blog\/wp-json\/wp\/v2\/pages\/734","targetHints":{"allow":["GET"]}}],"collection":[{"href":"https:\/\/www.gl-videaste.com\/blog\/wp-json\/wp\/v2\/pages"}],"about":[{"href":"https:\/\/www.gl-videaste.com\/blog\/wp-json\/wp\/v2\/types\/page"}],"author":[{"embeddable":true,"href":"https:\/\/www.gl-videaste.com\/blog\/wp-json\/wp\/v2\/users\/1"}],"replies":[{"embeddable":true,"href":"https:\/\/www.gl-videaste.com\/blog\/wp-json\/wp\/v2\/comments?post=734"}],"version-history":[{"count":19,"href":"https:\/\/www.gl-videaste.com\/blog\/wp-json\/wp\/v2\/pages\/734\/revisions"}],"predecessor-version":[{"id":1662,"href":"https:\/\/www.gl-videaste.com\/blog\/wp-json\/wp\/v2\/pages\/734\/revisions\/1662"}],"wp:attachment":[{"href":"https:\/\/www.gl-videaste.com\/blog\/wp-json\/wp\/v2\/media?parent=734"}],"curies":[{"name":"wp","href":"https:\/\/api.w.org\/{rel}","templated":true}]}}